{"id":4557,"date":"2024-02-15T16:05:08","date_gmt":"2024-02-15T16:05:08","guid":{"rendered":"https:\/\/www.grupposelva.com\/?post_type=product&#038;p=4557"},"modified":"2026-01-27T11:12:32","modified_gmt":"2026-01-27T11:12:32","slug":"tavolino-toi-zanotta","status":"publish","type":"product","link":"https:\/\/www.grupposelva.com\/en\/prodotto\/showroom-italiano\/zona-giorno\/tavolini\/tavolino-toi-zanotta\/","title":{"rendered":"Tavolino Toi | Zanotta"},"content":{"rendered":"<p>\ud835\ude3f\ud835\ude5a\ud835\ude68\ud835\ude5e\ud835\ude5c\ud835\ude63\ud835\ude5a\ud835\ude67: \ud835\ude4e\ud835\ude56\ud835\ude61\ud835\ude6b\ud835\ude56\ud835\ude69\ud835\ude64\ud835\ude67\ud835\ude5a \ud835\ude44\ud835\ude63\ud835\ude59\ud835\ude67\ud835\ude5e\ud835\ude64\ud835\ude61\ud835\ude64<\/p>\n<p><strong>Toi<\/strong> di Zanotta \u00e8 un tavolino\/portaoggetti \u00e8 caratterizzato da un piano che pu\u00f2 ruotare a 360\u00b0, offrendo accesso a un ampio vano portaoggetti sottostante, qui la tecnologia \u00e8 al servizio della funzionalit\u00e0. Questo spazio \u00e8 ideale per riporre piccoli oggetti che fanno parte della vita quotidiana in casa.<\/p>\n<p><em>Colore in foto: Bianco\u00a0<\/em><\/p>\n","protected":false},"excerpt":{"rendered":"<p>\ud835\ude3f\ud835\ude5a\ud835\ude68\ud835\ude5e\ud835\ude5c\ud835\ude63\ud835\ude5a\ud835\ude67: \ud835\ude4e\ud835\ude56\ud835\ude61\ud835\ude6b\ud835\ude56\ud835\ude69\ud835\ude64\ud835\ude67\ud835\ude5a \ud835\ude44\ud835\ude63\ud835\ude59\ud835\ude67\ud835\ude5e\ud835\ude64\ud835\ude61\ud835\ude64 Toi di Zanotta \u00e8 un tavolino\/portaoggetti \u00e8 caratterizzato da un piano che pu\u00f2 ruotare a 360\u00b0, offrendo accesso a un ampio vano portaoggetti sottostante, qui la tecnologia \u00e8 al servizio della funzionalit\u00e0. Questo spazio \u00e8 ideale per riporre piccoli oggetti che fanno parte della vita quotidiana in casa. Colore in foto: Bianco\u00a0<\/p>\n","protected":false},"featured_media":4558,"comment_status":"open","ping_status":"closed","template":"","meta":{"_acf_changed":false},"product_brand":[],"product_cat":[31,46,40],"product_tag":[85],"class_list":{"0":"post-4557","1":"product","2":"type-product","3":"status-publish","4":"has-post-thumbnail","6":"product_cat-showroom-italiano","7":"product_cat-tavolini","8":"product_cat-zona-giorno","9":"product_tag-carlazzo","11":"first","12":"instock","13":"sale","14":"shipping-taxable","15":"purchasable","16":"product-type-simple"},"acf":[],"yoast_head":"<!-- This site is optimized with the Yoast SEO plugin v26.8 - https:\/\/yoast.com\/product\/yoast-seo-wordpress\/ -->\n<title>Tavolino Toi | Zanotta - Gruppo Selva<\/title>\n<meta name=\"robots\" content=\"index, follow, max-snippet:-1, max-image-preview:large, max-video-preview:-1\" \/>\n<link rel=\"canonical\" href=\"https:\/\/www.grupposelva.com\/en\/prodotto\/showroom-italiano\/zona-giorno\/tavolini\/tavolino-toi-zanotta\/\" \/>\n<meta property=\"og:locale\" content=\"en_US\" \/>\n<meta property=\"og:type\" content=\"article\" \/>\n<meta property=\"og:title\" content=\"Tavolino Toi | Zanotta - Gruppo Selva\" \/>\n<meta property=\"og:description\" content=\"\ud835\ude3f\ud835\ude5a\ud835\ude68\ud835\ude5e\ud835\ude5c\ud835\ude63\ud835\ude5a\ud835\ude67: \ud835\ude4e\ud835\ude56\ud835\ude61\ud835\ude6b\ud835\ude56\ud835\ude69\ud835\ude64\ud835\ude67\ud835\ude5a \ud835\ude44\ud835\ude63\ud835\ude59\ud835\ude67\ud835\ude5e\ud835\ude64\ud835\ude61\ud835\ude64 Toi di Zanotta \u00e8 un tavolino\/portaoggetti \u00e8 caratterizzato da un piano che pu\u00f2 ruotare a 360\u00b0, offrendo accesso a un ampio vano portaoggetti sottostante, qui la tecnologia \u00e8 al servizio della funzionalit\u00e0. Questo spazio \u00e8 ideale per riporre piccoli oggetti che fanno parte della vita quotidiana in casa. Colore in foto: Bianco\u00a0\" \/>\n<meta property=\"og:url\" content=\"https:\/\/www.grupposelva.com\/en\/prodotto\/showroom-italiano\/zona-giorno\/tavolini\/tavolino-toi-zanotta\/\" \/>\n<meta property=\"og:site_name\" content=\"Gruppo Selva\" \/>\n<meta property=\"article:publisher\" content=\"https:\/\/www.facebook.com\/SELVAinterior\" \/>\n<meta property=\"article:modified_time\" content=\"2026-01-27T11:12:32+00:00\" \/>\n<meta property=\"og:image\" content=\"https:\/\/www.grupposelva.com\/wp-content\/uploads\/2024\/02\/Tavolino-Toi-Zanotta-1.jpg\" \/>\n\t<meta property=\"og:image:width\" content=\"1800\" \/>\n\t<meta property=\"og:image:height\" content=\"1200\" \/>\n\t<meta property=\"og:image:type\" content=\"image\/jpeg\" \/>\n<meta name=\"twitter:card\" content=\"summary_large_image\" \/>\n<meta name=\"twitter:label1\" content=\"Est. reading time\" \/>\n\t<meta name=\"twitter:data1\" content=\"1 minute\" \/>\n<script type=\"application\/ld+json\" class=\"yoast-schema-graph\">{\"@context\":\"https:\/\/schema.org\",\"@graph\":[{\"@type\":\"WebPage\",\"@id\":\"https:\/\/www.grupposelva.com\/en\/prodotto\/showroom-italiano\/zona-giorno\/tavolini\/tavolino-toi-zanotta\/\",\"url\":\"https:\/\/www.grupposelva.com\/en\/prodotto\/showroom-italiano\/zona-giorno\/tavolini\/tavolino-toi-zanotta\/\",\"name\":\"Tavolino Toi | Zanotta - Gruppo Selva\",\"isPartOf\":{\"@id\":\"https:\/\/www.grupposelva.com\/en\/#website\"},\"primaryImageOfPage\":{\"@id\":\"https:\/\/www.grupposelva.com\/en\/prodotto\/showroom-italiano\/zona-giorno\/tavolini\/tavolino-toi-zanotta\/#primaryimage\"},\"image\":{\"@id\":\"https:\/\/www.grupposelva.com\/en\/prodotto\/showroom-italiano\/zona-giorno\/tavolini\/tavolino-toi-zanotta\/#primaryimage\"},\"thumbnailUrl\":\"https:\/\/www.grupposelva.com\/wp-content\/uploads\/2024\/02\/Tavolino-Toi-Zanotta-1.jpg\",\"datePublished\":\"2024-02-15T16:05:08+00:00\",\"dateModified\":\"2026-01-27T11:12:32+00:00\",\"breadcrumb\":{\"@id\":\"https:\/\/www.grupposelva.com\/en\/prodotto\/showroom-italiano\/zona-giorno\/tavolini\/tavolino-toi-zanotta\/#breadcrumb\"},\"inLanguage\":\"en-US\",\"potentialAction\":[{\"@type\":\"ReadAction\",\"target\":[\"https:\/\/www.grupposelva.com\/en\/prodotto\/showroom-italiano\/zona-giorno\/tavolini\/tavolino-toi-zanotta\/\"]}]},{\"@type\":\"ImageObject\",\"inLanguage\":\"en-US\",\"@id\":\"https:\/\/www.grupposelva.com\/en\/prodotto\/showroom-italiano\/zona-giorno\/tavolini\/tavolino-toi-zanotta\/#primaryimage\",\"url\":\"https:\/\/www.grupposelva.com\/wp-content\/uploads\/2024\/02\/Tavolino-Toi-Zanotta-1.jpg\",\"contentUrl\":\"https:\/\/www.grupposelva.com\/wp-content\/uploads\/2024\/02\/Tavolino-Toi-Zanotta-1.jpg\",\"width\":1800,\"height\":1200},{\"@type\":\"BreadcrumbList\",\"@id\":\"https:\/\/www.grupposelva.com\/en\/prodotto\/showroom-italiano\/zona-giorno\/tavolini\/tavolino-toi-zanotta\/#breadcrumb\",\"itemListElement\":[{\"@type\":\"ListItem\",\"position\":1,\"name\":\"Home\",\"item\":\"https:\/\/www.grupposelva.com\/en\/\"},{\"@type\":\"ListItem\",\"position\":2,\"name\":\"Shop\",\"item\":\"https:\/\/www.grupposelva.com\/negozio\/\"},{\"@type\":\"ListItem\",\"position\":3,\"name\":\"Tavolino Toi | Zanotta\"}]},{\"@type\":\"WebSite\",\"@id\":\"https:\/\/www.grupposelva.com\/en\/#website\",\"url\":\"https:\/\/www.grupposelva.com\/en\/\",\"name\":\"Gruppo Selva\",\"description\":\"Arredamenti su misura e mobili a Lugano e Como\",\"publisher\":{\"@id\":\"https:\/\/www.grupposelva.com\/en\/#organization\"},\"potentialAction\":[{\"@type\":\"SearchAction\",\"target\":{\"@type\":\"EntryPoint\",\"urlTemplate\":\"https:\/\/www.grupposelva.com\/en\/?s={search_term_string}\"},\"query-input\":{\"@type\":\"PropertyValueSpecification\",\"valueRequired\":true,\"valueName\":\"search_term_string\"}}],\"inLanguage\":\"en-US\"},{\"@type\":\"Organization\",\"@id\":\"https:\/\/www.grupposelva.com\/en\/#organization\",\"name\":\"Gruppo Selva\",\"url\":\"https:\/\/www.grupposelva.com\/en\/\",\"logo\":{\"@type\":\"ImageObject\",\"inLanguage\":\"en-US\",\"@id\":\"https:\/\/www.grupposelva.com\/en\/#\/schema\/logo\/image\/\",\"url\":\"https:\/\/www.grupposelva.com\/wp-content\/uploads\/2023\/07\/logo-selva-40.png\",\"contentUrl\":\"https:\/\/www.grupposelva.com\/wp-content\/uploads\/2023\/07\/logo-selva-40.png\",\"width\":743,\"height\":124,\"caption\":\"Gruppo Selva\"},\"image\":{\"@id\":\"https:\/\/www.grupposelva.com\/en\/#\/schema\/logo\/image\/\"},\"sameAs\":[\"https:\/\/www.facebook.com\/SELVAinterior\",\"https:\/\/www.instagram.com\/grupposelva\/\"]}]}<\/script>\n<!-- \/ Yoast SEO plugin. -->","yoast_head_json":{"title":"Tavolino Toi | Zanotta - Gruppo Selva","robots":{"index":"index","follow":"follow","max-snippet":"max-snippet:-1","max-image-preview":"max-image-preview:large","max-video-preview":"max-video-preview:-1"},"canonical":"https:\/\/www.grupposelva.com\/en\/prodotto\/showroom-italiano\/zona-giorno\/tavolini\/tavolino-toi-zanotta\/","og_locale":"en_US","og_type":"article","og_title":"Tavolino Toi | Zanotta - Gruppo Selva","og_description":"\ud835\ude3f\ud835\ude5a\ud835\ude68\ud835\ude5e\ud835\ude5c\ud835\ude63\ud835\ude5a\ud835\ude67: \ud835\ude4e\ud835\ude56\ud835\ude61\ud835\ude6b\ud835\ude56\ud835\ude69\ud835\ude64\ud835\ude67\ud835\ude5a \ud835\ude44\ud835\ude63\ud835\ude59\ud835\ude67\ud835\ude5e\ud835\ude64\ud835\ude61\ud835\ude64 Toi di Zanotta \u00e8 un tavolino\/portaoggetti \u00e8 caratterizzato da un piano che pu\u00f2 ruotare a 360\u00b0, offrendo accesso a un ampio vano portaoggetti sottostante, qui la tecnologia \u00e8 al servizio della funzionalit\u00e0. Questo spazio \u00e8 ideale per riporre piccoli oggetti che fanno parte della vita quotidiana in casa. Colore in foto: Bianco\u00a0","og_url":"https:\/\/www.grupposelva.com\/en\/prodotto\/showroom-italiano\/zona-giorno\/tavolini\/tavolino-toi-zanotta\/","og_site_name":"Gruppo Selva","article_publisher":"https:\/\/www.facebook.com\/SELVAinterior","article_modified_time":"2026-01-27T11:12:32+00:00","og_image":[{"width":1800,"height":1200,"url":"https:\/\/www.grupposelva.com\/wp-content\/uploads\/2024\/02\/Tavolino-Toi-Zanotta-1.jpg","type":"image\/jpeg"}],"twitter_card":"summary_large_image","twitter_misc":{"Est. reading time":"1 minute"},"schema":{"@context":"https:\/\/schema.org","@graph":[{"@type":"WebPage","@id":"https:\/\/www.grupposelva.com\/en\/prodotto\/showroom-italiano\/zona-giorno\/tavolini\/tavolino-toi-zanotta\/","url":"https:\/\/www.grupposelva.com\/en\/prodotto\/showroom-italiano\/zona-giorno\/tavolini\/tavolino-toi-zanotta\/","name":"Tavolino Toi | Zanotta - Gruppo Selva","isPartOf":{"@id":"https:\/\/www.grupposelva.com\/en\/#website"},"primaryImageOfPage":{"@id":"https:\/\/www.grupposelva.com\/en\/prodotto\/showroom-italiano\/zona-giorno\/tavolini\/tavolino-toi-zanotta\/#primaryimage"},"image":{"@id":"https:\/\/www.grupposelva.com\/en\/prodotto\/showroom-italiano\/zona-giorno\/tavolini\/tavolino-toi-zanotta\/#primaryimage"},"thumbnailUrl":"https:\/\/www.grupposelva.com\/wp-content\/uploads\/2024\/02\/Tavolino-Toi-Zanotta-1.jpg","datePublished":"2024-02-15T16:05:08+00:00","dateModified":"2026-01-27T11:12:32+00:00","breadcrumb":{"@id":"https:\/\/www.grupposelva.com\/en\/prodotto\/showroom-italiano\/zona-giorno\/tavolini\/tavolino-toi-zanotta\/#breadcrumb"},"inLanguage":"en-US","potentialAction":[{"@type":"ReadAction","target":["https:\/\/www.grupposelva.com\/en\/prodotto\/showroom-italiano\/zona-giorno\/tavolini\/tavolino-toi-zanotta\/"]}]},{"@type":"ImageObject","inLanguage":"en-US","@id":"https:\/\/www.grupposelva.com\/en\/prodotto\/showroom-italiano\/zona-giorno\/tavolini\/tavolino-toi-zanotta\/#primaryimage","url":"https:\/\/www.grupposelva.com\/wp-content\/uploads\/2024\/02\/Tavolino-Toi-Zanotta-1.jpg","contentUrl":"https:\/\/www.grupposelva.com\/wp-content\/uploads\/2024\/02\/Tavolino-Toi-Zanotta-1.jpg","width":1800,"height":1200},{"@type":"BreadcrumbList","@id":"https:\/\/www.grupposelva.com\/en\/prodotto\/showroom-italiano\/zona-giorno\/tavolini\/tavolino-toi-zanotta\/#breadcrumb","itemListElement":[{"@type":"ListItem","position":1,"name":"Home","item":"https:\/\/www.grupposelva.com\/en\/"},{"@type":"ListItem","position":2,"name":"Shop","item":"https:\/\/www.grupposelva.com\/negozio\/"},{"@type":"ListItem","position":3,"name":"Tavolino Toi | Zanotta"}]},{"@type":"WebSite","@id":"https:\/\/www.grupposelva.com\/en\/#website","url":"https:\/\/www.grupposelva.com\/en\/","name":"Gruppo Selva","description":"Arredamenti su misura e mobili a Lugano e Como","publisher":{"@id":"https:\/\/www.grupposelva.com\/en\/#organization"},"potentialAction":[{"@type":"SearchAction","target":{"@type":"EntryPoint","urlTemplate":"https:\/\/www.grupposelva.com\/en\/?s={search_term_string}"},"query-input":{"@type":"PropertyValueSpecification","valueRequired":true,"valueName":"search_term_string"}}],"inLanguage":"en-US"},{"@type":"Organization","@id":"https:\/\/www.grupposelva.com\/en\/#organization","name":"Gruppo Selva","url":"https:\/\/www.grupposelva.com\/en\/","logo":{"@type":"ImageObject","inLanguage":"en-US","@id":"https:\/\/www.grupposelva.com\/en\/#\/schema\/logo\/image\/","url":"https:\/\/www.grupposelva.com\/wp-content\/uploads\/2023\/07\/logo-selva-40.png","contentUrl":"https:\/\/www.grupposelva.com\/wp-content\/uploads\/2023\/07\/logo-selva-40.png","width":743,"height":124,"caption":"Gruppo Selva"},"image":{"@id":"https:\/\/www.grupposelva.com\/en\/#\/schema\/logo\/image\/"},"sameAs":["https:\/\/www.facebook.com\/SELVAinterior","https:\/\/www.instagram.com\/grupposelva\/"]}]}},"_links":{"self":[{"href":"https:\/\/www.grupposelva.com\/en\/wp-json\/wp\/v2\/product\/4557","targetHints":{"allow":["GET"]}}],"collection":[{"href":"https:\/\/www.grupposelva.com\/en\/wp-json\/wp\/v2\/product"}],"about":[{"href":"https:\/\/www.grupposelva.com\/en\/wp-json\/wp\/v2\/types\/product"}],"replies":[{"embeddable":true,"href":"https:\/\/www.grupposelva.com\/en\/wp-json\/wp\/v2\/comments?post=4557"}],"wp:featuredmedia":[{"embeddable":true,"href":"https:\/\/www.grupposelva.com\/en\/wp-json\/wp\/v2\/media\/4558"}],"wp:attachment":[{"href":"https:\/\/www.grupposelva.com\/en\/wp-json\/wp\/v2\/media?parent=4557"}],"wp:term":[{"taxonomy":"product_brand","embeddable":true,"href":"https:\/\/www.grupposelva.com\/en\/wp-json\/wp\/v2\/product_brand?post=4557"},{"taxonomy":"product_cat","embeddable":true,"href":"https:\/\/www.grupposelva.com\/en\/wp-json\/wp\/v2\/product_cat?post=4557"},{"taxonomy":"product_tag","embeddable":true,"href":"https:\/\/www.grupposelva.com\/en\/wp-json\/wp\/v2\/product_tag?post=4557"}],"curies":[{"name":"wp","href":"https:\/\/api.w.org\/{rel}","templated":true}]}}