{"id":4238,"date":"2024-02-07T11:25:35","date_gmt":"2024-02-07T11:25:35","guid":{"rendered":"https:\/\/www.grupposelva.com\/?post_type=product&#038;p=4238"},"modified":"2025-12-16T14:39:44","modified_gmt":"2025-12-16T14:39:44","slug":"libreria-mama-small-mogg","status":"publish","type":"product","link":"https:\/\/www.grupposelva.com\/en\/prodotto\/showroom-italiano\/zona-giorno\/librerie\/libreria-mama-small-mogg\/","title":{"rendered":"Libreria Mama&#8217; Small | Mogg"},"content":{"rendered":"<p>\ud835\ude3f\ud835\ude5a\ud835\ude68\ud835\ude5e\ud835\ude5c\ud835\ude63\ud835\ude5a\ud835\ude67: \ud835\ude48\ud835\ude56\ud835\ude67\ud835\ude5e\ud835\ude5f\ud835\ude56 \ud835\ude3f\ud835\ude64\ud835\ude63\ud835\ude59\ud835\ude64\ud835\ude6b\ud835\ude5e\ud835\ude58<\/p>\n<p><strong>Mama&#8217; Small\u00a0<\/strong>di Mogg\u00a0\u00e8 una scaffalatura realizzata in metallo dipinto. La sua caratteristica principale \u00e8 la capacit\u00e0 di fondersi quasi completamente con il muro su cui \u00e8 appoggiata, creando un effetto visivo che sembra quasi penetrare nella parete stessa.<\/p>\n<p>Questa \u00e9tag\u00e8re \u00e8 disponibile in tre diverse dimensioni: due ad angolo e una per essere montata direttamente sulla parete. Per garantirne la stabilit\u00e0, \u00e8 necessario fissarla al muro.<\/p>\n<p><em>Colore in foto: Nero\u00a0<\/em><\/p>\n","protected":false},"excerpt":{"rendered":"<p>\ud835\ude3f\ud835\ude5a\ud835\ude68\ud835\ude5e\ud835\ude5c\ud835\ude63\ud835\ude5a\ud835\ude67: \ud835\ude48\ud835\ude56\ud835\ude67\ud835\ude5e\ud835\ude5f\ud835\ude56 \ud835\ude3f\ud835\ude64\ud835\ude63\ud835\ude59\ud835\ude64\ud835\ude6b\ud835\ude5e\ud835\ude58 Mama&#8217; Small\u00a0di Mogg\u00a0\u00e8 una scaffalatura realizzata in metallo dipinto. La sua caratteristica principale \u00e8 la capacit\u00e0 di fondersi quasi completamente con il muro su cui \u00e8 appoggiata, creando un effetto visivo che sembra quasi penetrare nella parete stessa. Questa \u00e9tag\u00e8re \u00e8 disponibile in tre diverse dimensioni: due ad angolo e una per [&hellip;]<\/p>\n","protected":false},"featured_media":4239,"comment_status":"open","ping_status":"closed","template":"","meta":{"_acf_changed":false},"product_brand":[],"product_cat":[44,31,40],"product_tag":[85],"class_list":{"0":"post-4238","1":"product","2":"type-product","3":"status-publish","4":"has-post-thumbnail","6":"product_cat-librerie","7":"product_cat-showroom-italiano","8":"product_cat-zona-giorno","9":"product_tag-carlazzo","11":"first","12":"instock","13":"sale","14":"shipping-taxable","15":"purchasable","16":"product-type-simple"},"acf":[],"yoast_head":"<!-- This site is optimized with the Yoast SEO plugin v26.8 - https:\/\/yoast.com\/product\/yoast-seo-wordpress\/ -->\n<title>Libreria Mama&#039; Small | Mogg - Gruppo Selva<\/title>\n<meta name=\"robots\" content=\"index, follow, max-snippet:-1, max-image-preview:large, max-video-preview:-1\" \/>\n<link rel=\"canonical\" href=\"https:\/\/www.grupposelva.com\/en\/prodotto\/showroom-italiano\/zona-giorno\/librerie\/libreria-mama-small-mogg\/\" \/>\n<meta property=\"og:locale\" content=\"en_US\" \/>\n<meta property=\"og:type\" content=\"article\" \/>\n<meta property=\"og:title\" content=\"Libreria Mama&#039; Small | Mogg - Gruppo Selva\" \/>\n<meta property=\"og:description\" content=\"\ud835\ude3f\ud835\ude5a\ud835\ude68\ud835\ude5e\ud835\ude5c\ud835\ude63\ud835\ude5a\ud835\ude67: \ud835\ude48\ud835\ude56\ud835\ude67\ud835\ude5e\ud835\ude5f\ud835\ude56 \ud835\ude3f\ud835\ude64\ud835\ude63\ud835\ude59\ud835\ude64\ud835\ude6b\ud835\ude5e\ud835\ude58 Mama&#8217; Small\u00a0di Mogg\u00a0\u00e8 una scaffalatura realizzata in metallo dipinto. La sua caratteristica principale \u00e8 la capacit\u00e0 di fondersi quasi completamente con il muro su cui \u00e8 appoggiata, creando un effetto visivo che sembra quasi penetrare nella parete stessa. Questa \u00e9tag\u00e8re \u00e8 disponibile in tre diverse dimensioni: due ad angolo e una per [&hellip;]\" \/>\n<meta property=\"og:url\" content=\"https:\/\/www.grupposelva.com\/en\/prodotto\/showroom-italiano\/zona-giorno\/librerie\/libreria-mama-small-mogg\/\" \/>\n<meta property=\"og:site_name\" content=\"Gruppo Selva\" \/>\n<meta property=\"article:publisher\" content=\"https:\/\/www.facebook.com\/SELVAinterior\" \/>\n<meta property=\"article:modified_time\" content=\"2025-12-16T14:39:44+00:00\" \/>\n<meta property=\"og:image\" content=\"https:\/\/www.grupposelva.com\/wp-content\/uploads\/2024\/02\/Libreria-Mama-Small-Mogg-1.jpg\" \/>\n\t<meta property=\"og:image:width\" content=\"1800\" \/>\n\t<meta property=\"og:image:height\" content=\"1200\" \/>\n\t<meta property=\"og:image:type\" content=\"image\/jpeg\" \/>\n<meta name=\"twitter:card\" content=\"summary_large_image\" \/>\n<meta name=\"twitter:label1\" content=\"Est. reading time\" \/>\n\t<meta name=\"twitter:data1\" content=\"1 minute\" \/>\n<script type=\"application\/ld+json\" class=\"yoast-schema-graph\">{\"@context\":\"https:\/\/schema.org\",\"@graph\":[{\"@type\":\"WebPage\",\"@id\":\"https:\/\/www.grupposelva.com\/en\/prodotto\/showroom-italiano\/zona-giorno\/librerie\/libreria-mama-small-mogg\/\",\"url\":\"https:\/\/www.grupposelva.com\/en\/prodotto\/showroom-italiano\/zona-giorno\/librerie\/libreria-mama-small-mogg\/\",\"name\":\"Libreria Mama' Small | Mogg - Gruppo Selva\",\"isPartOf\":{\"@id\":\"https:\/\/www.grupposelva.com\/en\/#website\"},\"primaryImageOfPage\":{\"@id\":\"https:\/\/www.grupposelva.com\/en\/prodotto\/showroom-italiano\/zona-giorno\/librerie\/libreria-mama-small-mogg\/#primaryimage\"},\"image\":{\"@id\":\"https:\/\/www.grupposelva.com\/en\/prodotto\/showroom-italiano\/zona-giorno\/librerie\/libreria-mama-small-mogg\/#primaryimage\"},\"thumbnailUrl\":\"https:\/\/www.grupposelva.com\/wp-content\/uploads\/2024\/02\/Libreria-Mama-Small-Mogg-1.jpg\",\"datePublished\":\"2024-02-07T11:25:35+00:00\",\"dateModified\":\"2025-12-16T14:39:44+00:00\",\"breadcrumb\":{\"@id\":\"https:\/\/www.grupposelva.com\/en\/prodotto\/showroom-italiano\/zona-giorno\/librerie\/libreria-mama-small-mogg\/#breadcrumb\"},\"inLanguage\":\"en-US\",\"potentialAction\":[{\"@type\":\"ReadAction\",\"target\":[\"https:\/\/www.grupposelva.com\/en\/prodotto\/showroom-italiano\/zona-giorno\/librerie\/libreria-mama-small-mogg\/\"]}]},{\"@type\":\"ImageObject\",\"inLanguage\":\"en-US\",\"@id\":\"https:\/\/www.grupposelva.com\/en\/prodotto\/showroom-italiano\/zona-giorno\/librerie\/libreria-mama-small-mogg\/#primaryimage\",\"url\":\"https:\/\/www.grupposelva.com\/wp-content\/uploads\/2024\/02\/Libreria-Mama-Small-Mogg-1.jpg\",\"contentUrl\":\"https:\/\/www.grupposelva.com\/wp-content\/uploads\/2024\/02\/Libreria-Mama-Small-Mogg-1.jpg\",\"width\":1800,\"height\":1200},{\"@type\":\"BreadcrumbList\",\"@id\":\"https:\/\/www.grupposelva.com\/en\/prodotto\/showroom-italiano\/zona-giorno\/librerie\/libreria-mama-small-mogg\/#breadcrumb\",\"itemListElement\":[{\"@type\":\"ListItem\",\"position\":1,\"name\":\"Home\",\"item\":\"https:\/\/www.grupposelva.com\/en\/\"},{\"@type\":\"ListItem\",\"position\":2,\"name\":\"Shop\",\"item\":\"https:\/\/www.grupposelva.com\/negozio\/\"},{\"@type\":\"ListItem\",\"position\":3,\"name\":\"Libreria Mama&#8217; Small | Mogg\"}]},{\"@type\":\"WebSite\",\"@id\":\"https:\/\/www.grupposelva.com\/en\/#website\",\"url\":\"https:\/\/www.grupposelva.com\/en\/\",\"name\":\"Gruppo Selva\",\"description\":\"Arredamenti su misura e mobili a Lugano e Como\",\"publisher\":{\"@id\":\"https:\/\/www.grupposelva.com\/en\/#organization\"},\"potentialAction\":[{\"@type\":\"SearchAction\",\"target\":{\"@type\":\"EntryPoint\",\"urlTemplate\":\"https:\/\/www.grupposelva.com\/en\/?s={search_term_string}\"},\"query-input\":{\"@type\":\"PropertyValueSpecification\",\"valueRequired\":true,\"valueName\":\"search_term_string\"}}],\"inLanguage\":\"en-US\"},{\"@type\":\"Organization\",\"@id\":\"https:\/\/www.grupposelva.com\/en\/#organization\",\"name\":\"Gruppo Selva\",\"url\":\"https:\/\/www.grupposelva.com\/en\/\",\"logo\":{\"@type\":\"ImageObject\",\"inLanguage\":\"en-US\",\"@id\":\"https:\/\/www.grupposelva.com\/en\/#\/schema\/logo\/image\/\",\"url\":\"https:\/\/www.grupposelva.com\/wp-content\/uploads\/2023\/07\/logo-selva-40.png\",\"contentUrl\":\"https:\/\/www.grupposelva.com\/wp-content\/uploads\/2023\/07\/logo-selva-40.png\",\"width\":743,\"height\":124,\"caption\":\"Gruppo Selva\"},\"image\":{\"@id\":\"https:\/\/www.grupposelva.com\/en\/#\/schema\/logo\/image\/\"},\"sameAs\":[\"https:\/\/www.facebook.com\/SELVAinterior\",\"https:\/\/www.instagram.com\/grupposelva\/\"]}]}<\/script>\n<!-- \/ Yoast SEO plugin. -->","yoast_head_json":{"title":"Libreria Mama' Small | Mogg - Gruppo Selva","robots":{"index":"index","follow":"follow","max-snippet":"max-snippet:-1","max-image-preview":"max-image-preview:large","max-video-preview":"max-video-preview:-1"},"canonical":"https:\/\/www.grupposelva.com\/en\/prodotto\/showroom-italiano\/zona-giorno\/librerie\/libreria-mama-small-mogg\/","og_locale":"en_US","og_type":"article","og_title":"Libreria Mama' Small | Mogg - Gruppo Selva","og_description":"\ud835\ude3f\ud835\ude5a\ud835\ude68\ud835\ude5e\ud835\ude5c\ud835\ude63\ud835\ude5a\ud835\ude67: \ud835\ude48\ud835\ude56\ud835\ude67\ud835\ude5e\ud835\ude5f\ud835\ude56 \ud835\ude3f\ud835\ude64\ud835\ude63\ud835\ude59\ud835\ude64\ud835\ude6b\ud835\ude5e\ud835\ude58 Mama&#8217; Small\u00a0di Mogg\u00a0\u00e8 una scaffalatura realizzata in metallo dipinto. La sua caratteristica principale \u00e8 la capacit\u00e0 di fondersi quasi completamente con il muro su cui \u00e8 appoggiata, creando un effetto visivo che sembra quasi penetrare nella parete stessa. Questa \u00e9tag\u00e8re \u00e8 disponibile in tre diverse dimensioni: due ad angolo e una per [&hellip;]","og_url":"https:\/\/www.grupposelva.com\/en\/prodotto\/showroom-italiano\/zona-giorno\/librerie\/libreria-mama-small-mogg\/","og_site_name":"Gruppo Selva","article_publisher":"https:\/\/www.facebook.com\/SELVAinterior","article_modified_time":"2025-12-16T14:39:44+00:00","og_image":[{"width":1800,"height":1200,"url":"https:\/\/www.grupposelva.com\/wp-content\/uploads\/2024\/02\/Libreria-Mama-Small-Mogg-1.jpg","type":"image\/jpeg"}],"twitter_card":"summary_large_image","twitter_misc":{"Est. reading time":"1 minute"},"schema":{"@context":"https:\/\/schema.org","@graph":[{"@type":"WebPage","@id":"https:\/\/www.grupposelva.com\/en\/prodotto\/showroom-italiano\/zona-giorno\/librerie\/libreria-mama-small-mogg\/","url":"https:\/\/www.grupposelva.com\/en\/prodotto\/showroom-italiano\/zona-giorno\/librerie\/libreria-mama-small-mogg\/","name":"Libreria Mama' Small | Mogg - Gruppo Selva","isPartOf":{"@id":"https:\/\/www.grupposelva.com\/en\/#website"},"primaryImageOfPage":{"@id":"https:\/\/www.grupposelva.com\/en\/prodotto\/showroom-italiano\/zona-giorno\/librerie\/libreria-mama-small-mogg\/#primaryimage"},"image":{"@id":"https:\/\/www.grupposelva.com\/en\/prodotto\/showroom-italiano\/zona-giorno\/librerie\/libreria-mama-small-mogg\/#primaryimage"},"thumbnailUrl":"https:\/\/www.grupposelva.com\/wp-content\/uploads\/2024\/02\/Libreria-Mama-Small-Mogg-1.jpg","datePublished":"2024-02-07T11:25:35+00:00","dateModified":"2025-12-16T14:39:44+00:00","breadcrumb":{"@id":"https:\/\/www.grupposelva.com\/en\/prodotto\/showroom-italiano\/zona-giorno\/librerie\/libreria-mama-small-mogg\/#breadcrumb"},"inLanguage":"en-US","potentialAction":[{"@type":"ReadAction","target":["https:\/\/www.grupposelva.com\/en\/prodotto\/showroom-italiano\/zona-giorno\/librerie\/libreria-mama-small-mogg\/"]}]},{"@type":"ImageObject","inLanguage":"en-US","@id":"https:\/\/www.grupposelva.com\/en\/prodotto\/showroom-italiano\/zona-giorno\/librerie\/libreria-mama-small-mogg\/#primaryimage","url":"https:\/\/www.grupposelva.com\/wp-content\/uploads\/2024\/02\/Libreria-Mama-Small-Mogg-1.jpg","contentUrl":"https:\/\/www.grupposelva.com\/wp-content\/uploads\/2024\/02\/Libreria-Mama-Small-Mogg-1.jpg","width":1800,"height":1200},{"@type":"BreadcrumbList","@id":"https:\/\/www.grupposelva.com\/en\/prodotto\/showroom-italiano\/zona-giorno\/librerie\/libreria-mama-small-mogg\/#breadcrumb","itemListElement":[{"@type":"ListItem","position":1,"name":"Home","item":"https:\/\/www.grupposelva.com\/en\/"},{"@type":"ListItem","position":2,"name":"Shop","item":"https:\/\/www.grupposelva.com\/negozio\/"},{"@type":"ListItem","position":3,"name":"Libreria Mama&#8217; Small | Mogg"}]},{"@type":"WebSite","@id":"https:\/\/www.grupposelva.com\/en\/#website","url":"https:\/\/www.grupposelva.com\/en\/","name":"Gruppo Selva","description":"Arredamenti su misura e mobili a Lugano e Como","publisher":{"@id":"https:\/\/www.grupposelva.com\/en\/#organization"},"potentialAction":[{"@type":"SearchAction","target":{"@type":"EntryPoint","urlTemplate":"https:\/\/www.grupposelva.com\/en\/?s={search_term_string}"},"query-input":{"@type":"PropertyValueSpecification","valueRequired":true,"valueName":"search_term_string"}}],"inLanguage":"en-US"},{"@type":"Organization","@id":"https:\/\/www.grupposelva.com\/en\/#organization","name":"Gruppo Selva","url":"https:\/\/www.grupposelva.com\/en\/","logo":{"@type":"ImageObject","inLanguage":"en-US","@id":"https:\/\/www.grupposelva.com\/en\/#\/schema\/logo\/image\/","url":"https:\/\/www.grupposelva.com\/wp-content\/uploads\/2023\/07\/logo-selva-40.png","contentUrl":"https:\/\/www.grupposelva.com\/wp-content\/uploads\/2023\/07\/logo-selva-40.png","width":743,"height":124,"caption":"Gruppo Selva"},"image":{"@id":"https:\/\/www.grupposelva.com\/en\/#\/schema\/logo\/image\/"},"sameAs":["https:\/\/www.facebook.com\/SELVAinterior","https:\/\/www.instagram.com\/grupposelva\/"]}]}},"_links":{"self":[{"href":"https:\/\/www.grupposelva.com\/en\/wp-json\/wp\/v2\/product\/4238","targetHints":{"allow":["GET"]}}],"collection":[{"href":"https:\/\/www.grupposelva.com\/en\/wp-json\/wp\/v2\/product"}],"about":[{"href":"https:\/\/www.grupposelva.com\/en\/wp-json\/wp\/v2\/types\/product"}],"replies":[{"embeddable":true,"href":"https:\/\/www.grupposelva.com\/en\/wp-json\/wp\/v2\/comments?post=4238"}],"wp:featuredmedia":[{"embeddable":true,"href":"https:\/\/www.grupposelva.com\/en\/wp-json\/wp\/v2\/media\/4239"}],"wp:attachment":[{"href":"https:\/\/www.grupposelva.com\/en\/wp-json\/wp\/v2\/media?parent=4238"}],"wp:term":[{"taxonomy":"product_brand","embeddable":true,"href":"https:\/\/www.grupposelva.com\/en\/wp-json\/wp\/v2\/product_brand?post=4238"},{"taxonomy":"product_cat","embeddable":true,"href":"https:\/\/www.grupposelva.com\/en\/wp-json\/wp\/v2\/product_cat?post=4238"},{"taxonomy":"product_tag","embeddable":true,"href":"https:\/\/www.grupposelva.com\/en\/wp-json\/wp\/v2\/product_tag?post=4238"}],"curies":[{"name":"wp","href":"https:\/\/api.w.org\/{rel}","templated":true}]}}