{"id":4157,"date":"2024-02-06T15:05:21","date_gmt":"2024-02-06T15:05:21","guid":{"rendered":"https:\/\/www.grupposelva.com\/?post_type=product&#038;p=4157"},"modified":"2025-12-03T15:40:02","modified_gmt":"2025-12-03T15:40:02","slug":"tappeto-madison-grace-kasthall","status":"publish","type":"product","link":"https:\/\/www.grupposelva.com\/en\/prodotto\/showroom-italiano\/complementi-darredo\/tappeti\/tappeto-madison-grace-kasthall\/","title":{"rendered":"Tappeto Madison Grace | Kasthall"},"content":{"rendered":"<p>\ud835\ude3f\ud835\ude5a\ud835\ude68\ud835\ude5e\ud835\ude5c\ud835\ude63\ud835\ude5a\ud835\ude67: \ud835\ude48\ud835\ude56\ud835\ude5f\ud835\ude56 \ud835\ude45\ud835\ude64\ud835\ude5d\ud835\ude56\ud835\ude63\ud835\ude68\ud835\ude68\ud835\ude64\ud835\ude63 \ud835\ude4e\ud835\ude69\ud835\ude56\ud835\ude67\ud835\ude56\ud835\ude63\ud835\ude59\ud835\ude5a\ud835\ude67<\/p>\n<p><strong>Madison Grace<\/strong> \u00e8 un tappeto di Kasthall fatto a mano con un filato boucl\u00e9. La sua superficie \u00e8 costituita da tre tipi di filati di lana che si intrecciano in un motivo a griglia, creando linee ampie e delicate.<\/p>\n<p>Questo nuovo tappeto presenta una superficie pi\u00f9 lucente e una miscela di colori pi\u00f9 coesa. La lucentezza diventa particolarmente evidente quando si notano i riflessi dei passanti nel boucl\u00e9 di lino del tappeto.<\/p>\n<p>*Disponibile in qualsiasi dimensione e forma fino a 400x600cm. Dimensioni maggiori su richiesta.<\/p>\n<p><em>Colore in foto: 207 Sidewalk Blue<\/em><\/p>\n","protected":false},"excerpt":{"rendered":"<p>\ud835\ude3f\ud835\ude5a\ud835\ude68\ud835\ude5e\ud835\ude5c\ud835\ude63\ud835\ude5a\ud835\ude67: \ud835\ude48\ud835\ude56\ud835\ude5f\ud835\ude56 \ud835\ude45\ud835\ude64\ud835\ude5d\ud835\ude56\ud835\ude63\ud835\ude68\ud835\ude68\ud835\ude64\ud835\ude63 \ud835\ude4e\ud835\ude69\ud835\ude56\ud835\ude67\ud835\ude56\ud835\ude63\ud835\ude59\ud835\ude5a\ud835\ude67 Madison Grace \u00e8 un tappeto di Kasthall fatto a mano con un filato boucl\u00e9. La sua superficie \u00e8 costituita da tre tipi di filati di lana che si intrecciano in un motivo a griglia, creando linee ampie e delicate. Questo nuovo tappeto presenta una superficie pi\u00f9 lucente e una miscela di [&hellip;]<\/p>\n","protected":false},"featured_media":4158,"comment_status":"open","ping_status":"closed","template":"","meta":{"_acf_changed":false},"product_brand":[],"product_cat":[60,31,61],"product_tag":[85],"class_list":{"0":"post-4157","1":"product","2":"type-product","3":"status-publish","4":"has-post-thumbnail","6":"product_cat-complementi-darredo","7":"product_cat-showroom-italiano","8":"product_cat-tappeti","9":"product_tag-carlazzo","11":"first","12":"instock","13":"sale","14":"shipping-taxable","15":"purchasable","16":"product-type-simple"},"acf":[],"yoast_head":"<!-- This site is optimized with the Yoast SEO plugin v26.8 - https:\/\/yoast.com\/product\/yoast-seo-wordpress\/ -->\n<title>Tappeto Madison Grace | Kasthall - Gruppo Selva<\/title>\n<meta name=\"robots\" content=\"index, follow, max-snippet:-1, max-image-preview:large, max-video-preview:-1\" \/>\n<link rel=\"canonical\" href=\"https:\/\/www.grupposelva.com\/en\/prodotto\/showroom-italiano\/complementi-darredo\/tappeti\/tappeto-madison-grace-kasthall\/\" \/>\n<meta property=\"og:locale\" content=\"en_US\" \/>\n<meta property=\"og:type\" content=\"article\" \/>\n<meta property=\"og:title\" content=\"Tappeto Madison Grace | Kasthall - Gruppo Selva\" \/>\n<meta property=\"og:description\" content=\"\ud835\ude3f\ud835\ude5a\ud835\ude68\ud835\ude5e\ud835\ude5c\ud835\ude63\ud835\ude5a\ud835\ude67: \ud835\ude48\ud835\ude56\ud835\ude5f\ud835\ude56 \ud835\ude45\ud835\ude64\ud835\ude5d\ud835\ude56\ud835\ude63\ud835\ude68\ud835\ude68\ud835\ude64\ud835\ude63 \ud835\ude4e\ud835\ude69\ud835\ude56\ud835\ude67\ud835\ude56\ud835\ude63\ud835\ude59\ud835\ude5a\ud835\ude67 Madison Grace \u00e8 un tappeto di Kasthall fatto a mano con un filato boucl\u00e9. La sua superficie \u00e8 costituita da tre tipi di filati di lana che si intrecciano in un motivo a griglia, creando linee ampie e delicate. Questo nuovo tappeto presenta una superficie pi\u00f9 lucente e una miscela di [&hellip;]\" \/>\n<meta property=\"og:url\" content=\"https:\/\/www.grupposelva.com\/en\/prodotto\/showroom-italiano\/complementi-darredo\/tappeti\/tappeto-madison-grace-kasthall\/\" \/>\n<meta property=\"og:site_name\" content=\"Gruppo Selva\" \/>\n<meta property=\"article:publisher\" content=\"https:\/\/www.facebook.com\/SELVAinterior\" \/>\n<meta property=\"article:modified_time\" content=\"2025-12-03T15:40:02+00:00\" \/>\n<meta property=\"og:image\" content=\"https:\/\/www.grupposelva.com\/wp-content\/uploads\/2024\/02\/Tappeto-Madison-Grace-Kasthall-1.jpg\" \/>\n\t<meta property=\"og:image:width\" content=\"1800\" \/>\n\t<meta property=\"og:image:height\" content=\"1200\" \/>\n\t<meta property=\"og:image:type\" content=\"image\/jpeg\" \/>\n<meta name=\"twitter:card\" content=\"summary_large_image\" \/>\n<meta name=\"twitter:label1\" content=\"Est. reading time\" \/>\n\t<meta name=\"twitter:data1\" content=\"1 minute\" \/>\n<script type=\"application\/ld+json\" class=\"yoast-schema-graph\">{\"@context\":\"https:\/\/schema.org\",\"@graph\":[{\"@type\":\"WebPage\",\"@id\":\"https:\/\/www.grupposelva.com\/en\/prodotto\/showroom-italiano\/complementi-darredo\/tappeti\/tappeto-madison-grace-kasthall\/\",\"url\":\"https:\/\/www.grupposelva.com\/en\/prodotto\/showroom-italiano\/complementi-darredo\/tappeti\/tappeto-madison-grace-kasthall\/\",\"name\":\"Tappeto Madison Grace | Kasthall - Gruppo Selva\",\"isPartOf\":{\"@id\":\"https:\/\/www.grupposelva.com\/en\/#website\"},\"primaryImageOfPage\":{\"@id\":\"https:\/\/www.grupposelva.com\/en\/prodotto\/showroom-italiano\/complementi-darredo\/tappeti\/tappeto-madison-grace-kasthall\/#primaryimage\"},\"image\":{\"@id\":\"https:\/\/www.grupposelva.com\/en\/prodotto\/showroom-italiano\/complementi-darredo\/tappeti\/tappeto-madison-grace-kasthall\/#primaryimage\"},\"thumbnailUrl\":\"https:\/\/www.grupposelva.com\/wp-content\/uploads\/2024\/02\/Tappeto-Madison-Grace-Kasthall-1.jpg\",\"datePublished\":\"2024-02-06T15:05:21+00:00\",\"dateModified\":\"2025-12-03T15:40:02+00:00\",\"breadcrumb\":{\"@id\":\"https:\/\/www.grupposelva.com\/en\/prodotto\/showroom-italiano\/complementi-darredo\/tappeti\/tappeto-madison-grace-kasthall\/#breadcrumb\"},\"inLanguage\":\"en-US\",\"potentialAction\":[{\"@type\":\"ReadAction\",\"target\":[\"https:\/\/www.grupposelva.com\/en\/prodotto\/showroom-italiano\/complementi-darredo\/tappeti\/tappeto-madison-grace-kasthall\/\"]}]},{\"@type\":\"ImageObject\",\"inLanguage\":\"en-US\",\"@id\":\"https:\/\/www.grupposelva.com\/en\/prodotto\/showroom-italiano\/complementi-darredo\/tappeti\/tappeto-madison-grace-kasthall\/#primaryimage\",\"url\":\"https:\/\/www.grupposelva.com\/wp-content\/uploads\/2024\/02\/Tappeto-Madison-Grace-Kasthall-1.jpg\",\"contentUrl\":\"https:\/\/www.grupposelva.com\/wp-content\/uploads\/2024\/02\/Tappeto-Madison-Grace-Kasthall-1.jpg\",\"width\":1800,\"height\":1200},{\"@type\":\"BreadcrumbList\",\"@id\":\"https:\/\/www.grupposelva.com\/en\/prodotto\/showroom-italiano\/complementi-darredo\/tappeti\/tappeto-madison-grace-kasthall\/#breadcrumb\",\"itemListElement\":[{\"@type\":\"ListItem\",\"position\":1,\"name\":\"Home\",\"item\":\"https:\/\/www.grupposelva.com\/en\/\"},{\"@type\":\"ListItem\",\"position\":2,\"name\":\"Shop\",\"item\":\"https:\/\/www.grupposelva.com\/negozio\/\"},{\"@type\":\"ListItem\",\"position\":3,\"name\":\"Tappeto Madison Grace | Kasthall\"}]},{\"@type\":\"WebSite\",\"@id\":\"https:\/\/www.grupposelva.com\/en\/#website\",\"url\":\"https:\/\/www.grupposelva.com\/en\/\",\"name\":\"Gruppo Selva\",\"description\":\"Arredamenti su misura e mobili a Lugano e Como\",\"publisher\":{\"@id\":\"https:\/\/www.grupposelva.com\/en\/#organization\"},\"potentialAction\":[{\"@type\":\"SearchAction\",\"target\":{\"@type\":\"EntryPoint\",\"urlTemplate\":\"https:\/\/www.grupposelva.com\/en\/?s={search_term_string}\"},\"query-input\":{\"@type\":\"PropertyValueSpecification\",\"valueRequired\":true,\"valueName\":\"search_term_string\"}}],\"inLanguage\":\"en-US\"},{\"@type\":\"Organization\",\"@id\":\"https:\/\/www.grupposelva.com\/en\/#organization\",\"name\":\"Gruppo Selva\",\"url\":\"https:\/\/www.grupposelva.com\/en\/\",\"logo\":{\"@type\":\"ImageObject\",\"inLanguage\":\"en-US\",\"@id\":\"https:\/\/www.grupposelva.com\/en\/#\/schema\/logo\/image\/\",\"url\":\"https:\/\/www.grupposelva.com\/wp-content\/uploads\/2023\/07\/logo-selva-40.png\",\"contentUrl\":\"https:\/\/www.grupposelva.com\/wp-content\/uploads\/2023\/07\/logo-selva-40.png\",\"width\":743,\"height\":124,\"caption\":\"Gruppo Selva\"},\"image\":{\"@id\":\"https:\/\/www.grupposelva.com\/en\/#\/schema\/logo\/image\/\"},\"sameAs\":[\"https:\/\/www.facebook.com\/SELVAinterior\",\"https:\/\/www.instagram.com\/grupposelva\/\"]}]}<\/script>\n<!-- \/ Yoast SEO plugin. -->","yoast_head_json":{"title":"Tappeto Madison Grace | Kasthall - Gruppo Selva","robots":{"index":"index","follow":"follow","max-snippet":"max-snippet:-1","max-image-preview":"max-image-preview:large","max-video-preview":"max-video-preview:-1"},"canonical":"https:\/\/www.grupposelva.com\/en\/prodotto\/showroom-italiano\/complementi-darredo\/tappeti\/tappeto-madison-grace-kasthall\/","og_locale":"en_US","og_type":"article","og_title":"Tappeto Madison Grace | Kasthall - Gruppo Selva","og_description":"\ud835\ude3f\ud835\ude5a\ud835\ude68\ud835\ude5e\ud835\ude5c\ud835\ude63\ud835\ude5a\ud835\ude67: \ud835\ude48\ud835\ude56\ud835\ude5f\ud835\ude56 \ud835\ude45\ud835\ude64\ud835\ude5d\ud835\ude56\ud835\ude63\ud835\ude68\ud835\ude68\ud835\ude64\ud835\ude63 \ud835\ude4e\ud835\ude69\ud835\ude56\ud835\ude67\ud835\ude56\ud835\ude63\ud835\ude59\ud835\ude5a\ud835\ude67 Madison Grace \u00e8 un tappeto di Kasthall fatto a mano con un filato boucl\u00e9. La sua superficie \u00e8 costituita da tre tipi di filati di lana che si intrecciano in un motivo a griglia, creando linee ampie e delicate. Questo nuovo tappeto presenta una superficie pi\u00f9 lucente e una miscela di [&hellip;]","og_url":"https:\/\/www.grupposelva.com\/en\/prodotto\/showroom-italiano\/complementi-darredo\/tappeti\/tappeto-madison-grace-kasthall\/","og_site_name":"Gruppo Selva","article_publisher":"https:\/\/www.facebook.com\/SELVAinterior","article_modified_time":"2025-12-03T15:40:02+00:00","og_image":[{"width":1800,"height":1200,"url":"https:\/\/www.grupposelva.com\/wp-content\/uploads\/2024\/02\/Tappeto-Madison-Grace-Kasthall-1.jpg","type":"image\/jpeg"}],"twitter_card":"summary_large_image","twitter_misc":{"Est. reading time":"1 minute"},"schema":{"@context":"https:\/\/schema.org","@graph":[{"@type":"WebPage","@id":"https:\/\/www.grupposelva.com\/en\/prodotto\/showroom-italiano\/complementi-darredo\/tappeti\/tappeto-madison-grace-kasthall\/","url":"https:\/\/www.grupposelva.com\/en\/prodotto\/showroom-italiano\/complementi-darredo\/tappeti\/tappeto-madison-grace-kasthall\/","name":"Tappeto Madison Grace | Kasthall - Gruppo Selva","isPartOf":{"@id":"https:\/\/www.grupposelva.com\/en\/#website"},"primaryImageOfPage":{"@id":"https:\/\/www.grupposelva.com\/en\/prodotto\/showroom-italiano\/complementi-darredo\/tappeti\/tappeto-madison-grace-kasthall\/#primaryimage"},"image":{"@id":"https:\/\/www.grupposelva.com\/en\/prodotto\/showroom-italiano\/complementi-darredo\/tappeti\/tappeto-madison-grace-kasthall\/#primaryimage"},"thumbnailUrl":"https:\/\/www.grupposelva.com\/wp-content\/uploads\/2024\/02\/Tappeto-Madison-Grace-Kasthall-1.jpg","datePublished":"2024-02-06T15:05:21+00:00","dateModified":"2025-12-03T15:40:02+00:00","breadcrumb":{"@id":"https:\/\/www.grupposelva.com\/en\/prodotto\/showroom-italiano\/complementi-darredo\/tappeti\/tappeto-madison-grace-kasthall\/#breadcrumb"},"inLanguage":"en-US","potentialAction":[{"@type":"ReadAction","target":["https:\/\/www.grupposelva.com\/en\/prodotto\/showroom-italiano\/complementi-darredo\/tappeti\/tappeto-madison-grace-kasthall\/"]}]},{"@type":"ImageObject","inLanguage":"en-US","@id":"https:\/\/www.grupposelva.com\/en\/prodotto\/showroom-italiano\/complementi-darredo\/tappeti\/tappeto-madison-grace-kasthall\/#primaryimage","url":"https:\/\/www.grupposelva.com\/wp-content\/uploads\/2024\/02\/Tappeto-Madison-Grace-Kasthall-1.jpg","contentUrl":"https:\/\/www.grupposelva.com\/wp-content\/uploads\/2024\/02\/Tappeto-Madison-Grace-Kasthall-1.jpg","width":1800,"height":1200},{"@type":"BreadcrumbList","@id":"https:\/\/www.grupposelva.com\/en\/prodotto\/showroom-italiano\/complementi-darredo\/tappeti\/tappeto-madison-grace-kasthall\/#breadcrumb","itemListElement":[{"@type":"ListItem","position":1,"name":"Home","item":"https:\/\/www.grupposelva.com\/en\/"},{"@type":"ListItem","position":2,"name":"Shop","item":"https:\/\/www.grupposelva.com\/negozio\/"},{"@type":"ListItem","position":3,"name":"Tappeto Madison Grace | Kasthall"}]},{"@type":"WebSite","@id":"https:\/\/www.grupposelva.com\/en\/#website","url":"https:\/\/www.grupposelva.com\/en\/","name":"Gruppo Selva","description":"Arredamenti su misura e mobili a Lugano e Como","publisher":{"@id":"https:\/\/www.grupposelva.com\/en\/#organization"},"potentialAction":[{"@type":"SearchAction","target":{"@type":"EntryPoint","urlTemplate":"https:\/\/www.grupposelva.com\/en\/?s={search_term_string}"},"query-input":{"@type":"PropertyValueSpecification","valueRequired":true,"valueName":"search_term_string"}}],"inLanguage":"en-US"},{"@type":"Organization","@id":"https:\/\/www.grupposelva.com\/en\/#organization","name":"Gruppo Selva","url":"https:\/\/www.grupposelva.com\/en\/","logo":{"@type":"ImageObject","inLanguage":"en-US","@id":"https:\/\/www.grupposelva.com\/en\/#\/schema\/logo\/image\/","url":"https:\/\/www.grupposelva.com\/wp-content\/uploads\/2023\/07\/logo-selva-40.png","contentUrl":"https:\/\/www.grupposelva.com\/wp-content\/uploads\/2023\/07\/logo-selva-40.png","width":743,"height":124,"caption":"Gruppo Selva"},"image":{"@id":"https:\/\/www.grupposelva.com\/en\/#\/schema\/logo\/image\/"},"sameAs":["https:\/\/www.facebook.com\/SELVAinterior","https:\/\/www.instagram.com\/grupposelva\/"]}]}},"_links":{"self":[{"href":"https:\/\/www.grupposelva.com\/en\/wp-json\/wp\/v2\/product\/4157","targetHints":{"allow":["GET"]}}],"collection":[{"href":"https:\/\/www.grupposelva.com\/en\/wp-json\/wp\/v2\/product"}],"about":[{"href":"https:\/\/www.grupposelva.com\/en\/wp-json\/wp\/v2\/types\/product"}],"replies":[{"embeddable":true,"href":"https:\/\/www.grupposelva.com\/en\/wp-json\/wp\/v2\/comments?post=4157"}],"wp:featuredmedia":[{"embeddable":true,"href":"https:\/\/www.grupposelva.com\/en\/wp-json\/wp\/v2\/media\/4158"}],"wp:attachment":[{"href":"https:\/\/www.grupposelva.com\/en\/wp-json\/wp\/v2\/media?parent=4157"}],"wp:term":[{"taxonomy":"product_brand","embeddable":true,"href":"https:\/\/www.grupposelva.com\/en\/wp-json\/wp\/v2\/product_brand?post=4157"},{"taxonomy":"product_cat","embeddable":true,"href":"https:\/\/www.grupposelva.com\/en\/wp-json\/wp\/v2\/product_cat?post=4157"},{"taxonomy":"product_tag","embeddable":true,"href":"https:\/\/www.grupposelva.com\/en\/wp-json\/wp\/v2\/product_tag?post=4157"}],"curies":[{"name":"wp","href":"https:\/\/api.w.org\/{rel}","templated":true}]}}