{"id":3857,"date":"2024-01-29T14:10:26","date_gmt":"2024-01-29T14:10:26","guid":{"rendered":"https:\/\/www.grupposelva.com\/?post_type=product&#038;p=3857"},"modified":"2024-01-29T14:10:27","modified_gmt":"2024-01-29T14:10:27","slug":"tappeto-harvest-kasthall-3","status":"publish","type":"product","link":"https:\/\/www.grupposelva.com\/en\/prodotto\/showroom-italiano\/complementi-darredo\/tappeti\/tappeto-harvest-kasthall-3\/","title":{"rendered":"Tappeto Harvest | Kasthall"},"content":{"rendered":"<p>\ud835\ude3f\ud835\ude5a\ud835\ude68\ud835\ude5e\ud835\ude5c\ud835\ude63\ud835\ude5a\ud835\ude67: \ud835\ude40\ud835\ude61\ud835\ude61\ud835\ude5e\ud835\ude63\ud835\ude64\ud835\ude67 \ud835\ude40\ud835\ude61\ud835\ude5e\ud835\ude56\ud835\ude68\ud835\ude68\ud835\ude64\ud835\ude63<\/p>\n<p><b>Harvest<\/b> di Kasthall \u00e8 un tappeto\u00a0intrecciato realizzato con filati residui in pura lana, \u00e8 la soluzione per il pavimento di chi cerca qualcosa di veramente unico.<\/p>\n<p>Ogni rocca si alterna continuamente in colori diversi, conferendo a ciascun tappeto un carattere distintivo. Poich\u00e9 la disponibilit\u00e0 del filato residuo determina in larga misura il design, nessun tappeto \u00e8 uguale a un altro.<\/p>\n<p><i>Colore in foto: Nero &amp; Grigio\u00a0<\/i><\/p>\n","protected":false},"excerpt":{"rendered":"<p>\ud835\ude3f\ud835\ude5a\ud835\ude68\ud835\ude5e\ud835\ude5c\ud835\ude63\ud835\ude5a\ud835\ude67: \ud835\ude40\ud835\ude61\ud835\ude61\ud835\ude5e\ud835\ude63\ud835\ude64\ud835\ude67 \ud835\ude40\ud835\ude61\ud835\ude5e\ud835\ude56\ud835\ude68\ud835\ude68\ud835\ude64\ud835\ude63 Harvest di Kasthall \u00e8 un tappeto\u00a0intrecciato realizzato con filati residui in pura lana, \u00e8 la soluzione per il pavimento di chi cerca qualcosa di veramente unico. Ogni rocca si alterna continuamente in colori diversi, conferendo a ciascun tappeto un carattere distintivo. Poich\u00e9 la disponibilit\u00e0 del filato residuo determina in larga misura il [&hellip;]<\/p>\n","protected":false},"featured_media":3858,"comment_status":"open","ping_status":"closed","template":"","meta":{"_acf_changed":false},"product_brand":[],"product_cat":[60,31,61],"product_tag":[85],"class_list":{"0":"post-3857","1":"product","2":"type-product","3":"status-publish","4":"has-post-thumbnail","6":"product_cat-complementi-darredo","7":"product_cat-showroom-italiano","8":"product_cat-tappeti","9":"product_tag-carlazzo","11":"first","12":"instock","13":"shipping-taxable","14":"purchasable","15":"product-type-simple"},"acf":[],"yoast_head":"<!-- This site is optimized with the Yoast SEO plugin v26.8 - https:\/\/yoast.com\/product\/yoast-seo-wordpress\/ -->\n<title>Tappeto Harvest | Kasthall - Gruppo Selva<\/title>\n<meta name=\"robots\" content=\"index, follow, max-snippet:-1, max-image-preview:large, max-video-preview:-1\" \/>\n<link rel=\"canonical\" href=\"https:\/\/www.grupposelva.com\/en\/prodotto\/showroom-italiano\/complementi-darredo\/tappeti\/tappeto-harvest-kasthall-3\/\" \/>\n<meta property=\"og:locale\" content=\"en_US\" \/>\n<meta property=\"og:type\" content=\"article\" \/>\n<meta property=\"og:title\" content=\"Tappeto Harvest | Kasthall - Gruppo Selva\" \/>\n<meta property=\"og:description\" content=\"\ud835\ude3f\ud835\ude5a\ud835\ude68\ud835\ude5e\ud835\ude5c\ud835\ude63\ud835\ude5a\ud835\ude67: \ud835\ude40\ud835\ude61\ud835\ude61\ud835\ude5e\ud835\ude63\ud835\ude64\ud835\ude67 \ud835\ude40\ud835\ude61\ud835\ude5e\ud835\ude56\ud835\ude68\ud835\ude68\ud835\ude64\ud835\ude63 Harvest di Kasthall \u00e8 un tappeto\u00a0intrecciato realizzato con filati residui in pura lana, \u00e8 la soluzione per il pavimento di chi cerca qualcosa di veramente unico. Ogni rocca si alterna continuamente in colori diversi, conferendo a ciascun tappeto un carattere distintivo. Poich\u00e9 la disponibilit\u00e0 del filato residuo determina in larga misura il [&hellip;]\" \/>\n<meta property=\"og:url\" content=\"https:\/\/www.grupposelva.com\/en\/prodotto\/showroom-italiano\/complementi-darredo\/tappeti\/tappeto-harvest-kasthall-3\/\" \/>\n<meta property=\"og:site_name\" content=\"Gruppo Selva\" \/>\n<meta property=\"article:publisher\" content=\"https:\/\/www.facebook.com\/SELVAinterior\" \/>\n<meta property=\"article:modified_time\" content=\"2024-01-29T14:10:27+00:00\" \/>\n<meta property=\"og:image\" content=\"https:\/\/www.grupposelva.com\/wp-content\/uploads\/2024\/01\/Tappeto-Harvest-Kasthall-1b.jpg\" \/>\n\t<meta property=\"og:image:width\" content=\"1800\" \/>\n\t<meta property=\"og:image:height\" content=\"1200\" \/>\n\t<meta property=\"og:image:type\" content=\"image\/jpeg\" \/>\n<meta name=\"twitter:card\" content=\"summary_large_image\" \/>\n<meta name=\"twitter:label1\" content=\"Est. reading time\" \/>\n\t<meta name=\"twitter:data1\" content=\"1 minute\" \/>\n<script type=\"application\/ld+json\" class=\"yoast-schema-graph\">{\"@context\":\"https:\/\/schema.org\",\"@graph\":[{\"@type\":\"WebPage\",\"@id\":\"https:\/\/www.grupposelva.com\/en\/prodotto\/showroom-italiano\/complementi-darredo\/tappeti\/tappeto-harvest-kasthall-3\/\",\"url\":\"https:\/\/www.grupposelva.com\/en\/prodotto\/showroom-italiano\/complementi-darredo\/tappeti\/tappeto-harvest-kasthall-3\/\",\"name\":\"Tappeto Harvest | Kasthall - Gruppo Selva\",\"isPartOf\":{\"@id\":\"https:\/\/www.grupposelva.com\/en\/#website\"},\"primaryImageOfPage\":{\"@id\":\"https:\/\/www.grupposelva.com\/en\/prodotto\/showroom-italiano\/complementi-darredo\/tappeti\/tappeto-harvest-kasthall-3\/#primaryimage\"},\"image\":{\"@id\":\"https:\/\/www.grupposelva.com\/en\/prodotto\/showroom-italiano\/complementi-darredo\/tappeti\/tappeto-harvest-kasthall-3\/#primaryimage\"},\"thumbnailUrl\":\"https:\/\/www.grupposelva.com\/wp-content\/uploads\/2024\/01\/Tappeto-Harvest-Kasthall-1b.jpg\",\"datePublished\":\"2024-01-29T14:10:26+00:00\",\"dateModified\":\"2024-01-29T14:10:27+00:00\",\"breadcrumb\":{\"@id\":\"https:\/\/www.grupposelva.com\/en\/prodotto\/showroom-italiano\/complementi-darredo\/tappeti\/tappeto-harvest-kasthall-3\/#breadcrumb\"},\"inLanguage\":\"en-US\",\"potentialAction\":[{\"@type\":\"ReadAction\",\"target\":[\"https:\/\/www.grupposelva.com\/en\/prodotto\/showroom-italiano\/complementi-darredo\/tappeti\/tappeto-harvest-kasthall-3\/\"]}]},{\"@type\":\"ImageObject\",\"inLanguage\":\"en-US\",\"@id\":\"https:\/\/www.grupposelva.com\/en\/prodotto\/showroom-italiano\/complementi-darredo\/tappeti\/tappeto-harvest-kasthall-3\/#primaryimage\",\"url\":\"https:\/\/www.grupposelva.com\/wp-content\/uploads\/2024\/01\/Tappeto-Harvest-Kasthall-1b.jpg\",\"contentUrl\":\"https:\/\/www.grupposelva.com\/wp-content\/uploads\/2024\/01\/Tappeto-Harvest-Kasthall-1b.jpg\",\"width\":1800,\"height\":1200},{\"@type\":\"BreadcrumbList\",\"@id\":\"https:\/\/www.grupposelva.com\/en\/prodotto\/showroom-italiano\/complementi-darredo\/tappeti\/tappeto-harvest-kasthall-3\/#breadcrumb\",\"itemListElement\":[{\"@type\":\"ListItem\",\"position\":1,\"name\":\"Home\",\"item\":\"https:\/\/www.grupposelva.com\/en\/\"},{\"@type\":\"ListItem\",\"position\":2,\"name\":\"Shop\",\"item\":\"https:\/\/www.grupposelva.com\/negozio\/\"},{\"@type\":\"ListItem\",\"position\":3,\"name\":\"Tappeto Harvest | Kasthall\"}]},{\"@type\":\"WebSite\",\"@id\":\"https:\/\/www.grupposelva.com\/en\/#website\",\"url\":\"https:\/\/www.grupposelva.com\/en\/\",\"name\":\"Gruppo Selva\",\"description\":\"Arredamenti su misura e mobili a Lugano e Como\",\"publisher\":{\"@id\":\"https:\/\/www.grupposelva.com\/en\/#organization\"},\"potentialAction\":[{\"@type\":\"SearchAction\",\"target\":{\"@type\":\"EntryPoint\",\"urlTemplate\":\"https:\/\/www.grupposelva.com\/en\/?s={search_term_string}\"},\"query-input\":{\"@type\":\"PropertyValueSpecification\",\"valueRequired\":true,\"valueName\":\"search_term_string\"}}],\"inLanguage\":\"en-US\"},{\"@type\":\"Organization\",\"@id\":\"https:\/\/www.grupposelva.com\/en\/#organization\",\"name\":\"Gruppo Selva\",\"url\":\"https:\/\/www.grupposelva.com\/en\/\",\"logo\":{\"@type\":\"ImageObject\",\"inLanguage\":\"en-US\",\"@id\":\"https:\/\/www.grupposelva.com\/en\/#\/schema\/logo\/image\/\",\"url\":\"https:\/\/www.grupposelva.com\/wp-content\/uploads\/2023\/07\/logo-selva-40.png\",\"contentUrl\":\"https:\/\/www.grupposelva.com\/wp-content\/uploads\/2023\/07\/logo-selva-40.png\",\"width\":743,\"height\":124,\"caption\":\"Gruppo Selva\"},\"image\":{\"@id\":\"https:\/\/www.grupposelva.com\/en\/#\/schema\/logo\/image\/\"},\"sameAs\":[\"https:\/\/www.facebook.com\/SELVAinterior\",\"https:\/\/www.instagram.com\/grupposelva\/\"]}]}<\/script>\n<!-- \/ Yoast SEO plugin. -->","yoast_head_json":{"title":"Tappeto Harvest | Kasthall - Gruppo Selva","robots":{"index":"index","follow":"follow","max-snippet":"max-snippet:-1","max-image-preview":"max-image-preview:large","max-video-preview":"max-video-preview:-1"},"canonical":"https:\/\/www.grupposelva.com\/en\/prodotto\/showroom-italiano\/complementi-darredo\/tappeti\/tappeto-harvest-kasthall-3\/","og_locale":"en_US","og_type":"article","og_title":"Tappeto Harvest | Kasthall - Gruppo Selva","og_description":"\ud835\ude3f\ud835\ude5a\ud835\ude68\ud835\ude5e\ud835\ude5c\ud835\ude63\ud835\ude5a\ud835\ude67: \ud835\ude40\ud835\ude61\ud835\ude61\ud835\ude5e\ud835\ude63\ud835\ude64\ud835\ude67 \ud835\ude40\ud835\ude61\ud835\ude5e\ud835\ude56\ud835\ude68\ud835\ude68\ud835\ude64\ud835\ude63 Harvest di Kasthall \u00e8 un tappeto\u00a0intrecciato realizzato con filati residui in pura lana, \u00e8 la soluzione per il pavimento di chi cerca qualcosa di veramente unico. Ogni rocca si alterna continuamente in colori diversi, conferendo a ciascun tappeto un carattere distintivo. Poich\u00e9 la disponibilit\u00e0 del filato residuo determina in larga misura il [&hellip;]","og_url":"https:\/\/www.grupposelva.com\/en\/prodotto\/showroom-italiano\/complementi-darredo\/tappeti\/tappeto-harvest-kasthall-3\/","og_site_name":"Gruppo Selva","article_publisher":"https:\/\/www.facebook.com\/SELVAinterior","article_modified_time":"2024-01-29T14:10:27+00:00","og_image":[{"width":1800,"height":1200,"url":"https:\/\/www.grupposelva.com\/wp-content\/uploads\/2024\/01\/Tappeto-Harvest-Kasthall-1b.jpg","type":"image\/jpeg"}],"twitter_card":"summary_large_image","twitter_misc":{"Est. reading time":"1 minute"},"schema":{"@context":"https:\/\/schema.org","@graph":[{"@type":"WebPage","@id":"https:\/\/www.grupposelva.com\/en\/prodotto\/showroom-italiano\/complementi-darredo\/tappeti\/tappeto-harvest-kasthall-3\/","url":"https:\/\/www.grupposelva.com\/en\/prodotto\/showroom-italiano\/complementi-darredo\/tappeti\/tappeto-harvest-kasthall-3\/","name":"Tappeto Harvest | Kasthall - Gruppo Selva","isPartOf":{"@id":"https:\/\/www.grupposelva.com\/en\/#website"},"primaryImageOfPage":{"@id":"https:\/\/www.grupposelva.com\/en\/prodotto\/showroom-italiano\/complementi-darredo\/tappeti\/tappeto-harvest-kasthall-3\/#primaryimage"},"image":{"@id":"https:\/\/www.grupposelva.com\/en\/prodotto\/showroom-italiano\/complementi-darredo\/tappeti\/tappeto-harvest-kasthall-3\/#primaryimage"},"thumbnailUrl":"https:\/\/www.grupposelva.com\/wp-content\/uploads\/2024\/01\/Tappeto-Harvest-Kasthall-1b.jpg","datePublished":"2024-01-29T14:10:26+00:00","dateModified":"2024-01-29T14:10:27+00:00","breadcrumb":{"@id":"https:\/\/www.grupposelva.com\/en\/prodotto\/showroom-italiano\/complementi-darredo\/tappeti\/tappeto-harvest-kasthall-3\/#breadcrumb"},"inLanguage":"en-US","potentialAction":[{"@type":"ReadAction","target":["https:\/\/www.grupposelva.com\/en\/prodotto\/showroom-italiano\/complementi-darredo\/tappeti\/tappeto-harvest-kasthall-3\/"]}]},{"@type":"ImageObject","inLanguage":"en-US","@id":"https:\/\/www.grupposelva.com\/en\/prodotto\/showroom-italiano\/complementi-darredo\/tappeti\/tappeto-harvest-kasthall-3\/#primaryimage","url":"https:\/\/www.grupposelva.com\/wp-content\/uploads\/2024\/01\/Tappeto-Harvest-Kasthall-1b.jpg","contentUrl":"https:\/\/www.grupposelva.com\/wp-content\/uploads\/2024\/01\/Tappeto-Harvest-Kasthall-1b.jpg","width":1800,"height":1200},{"@type":"BreadcrumbList","@id":"https:\/\/www.grupposelva.com\/en\/prodotto\/showroom-italiano\/complementi-darredo\/tappeti\/tappeto-harvest-kasthall-3\/#breadcrumb","itemListElement":[{"@type":"ListItem","position":1,"name":"Home","item":"https:\/\/www.grupposelva.com\/en\/"},{"@type":"ListItem","position":2,"name":"Shop","item":"https:\/\/www.grupposelva.com\/negozio\/"},{"@type":"ListItem","position":3,"name":"Tappeto Harvest | Kasthall"}]},{"@type":"WebSite","@id":"https:\/\/www.grupposelva.com\/en\/#website","url":"https:\/\/www.grupposelva.com\/en\/","name":"Gruppo Selva","description":"Arredamenti su misura e mobili a Lugano e Como","publisher":{"@id":"https:\/\/www.grupposelva.com\/en\/#organization"},"potentialAction":[{"@type":"SearchAction","target":{"@type":"EntryPoint","urlTemplate":"https:\/\/www.grupposelva.com\/en\/?s={search_term_string}"},"query-input":{"@type":"PropertyValueSpecification","valueRequired":true,"valueName":"search_term_string"}}],"inLanguage":"en-US"},{"@type":"Organization","@id":"https:\/\/www.grupposelva.com\/en\/#organization","name":"Gruppo Selva","url":"https:\/\/www.grupposelva.com\/en\/","logo":{"@type":"ImageObject","inLanguage":"en-US","@id":"https:\/\/www.grupposelva.com\/en\/#\/schema\/logo\/image\/","url":"https:\/\/www.grupposelva.com\/wp-content\/uploads\/2023\/07\/logo-selva-40.png","contentUrl":"https:\/\/www.grupposelva.com\/wp-content\/uploads\/2023\/07\/logo-selva-40.png","width":743,"height":124,"caption":"Gruppo Selva"},"image":{"@id":"https:\/\/www.grupposelva.com\/en\/#\/schema\/logo\/image\/"},"sameAs":["https:\/\/www.facebook.com\/SELVAinterior","https:\/\/www.instagram.com\/grupposelva\/"]}]}},"_links":{"self":[{"href":"https:\/\/www.grupposelva.com\/en\/wp-json\/wp\/v2\/product\/3857","targetHints":{"allow":["GET"]}}],"collection":[{"href":"https:\/\/www.grupposelva.com\/en\/wp-json\/wp\/v2\/product"}],"about":[{"href":"https:\/\/www.grupposelva.com\/en\/wp-json\/wp\/v2\/types\/product"}],"replies":[{"embeddable":true,"href":"https:\/\/www.grupposelva.com\/en\/wp-json\/wp\/v2\/comments?post=3857"}],"wp:featuredmedia":[{"embeddable":true,"href":"https:\/\/www.grupposelva.com\/en\/wp-json\/wp\/v2\/media\/3858"}],"wp:attachment":[{"href":"https:\/\/www.grupposelva.com\/en\/wp-json\/wp\/v2\/media?parent=3857"}],"wp:term":[{"taxonomy":"product_brand","embeddable":true,"href":"https:\/\/www.grupposelva.com\/en\/wp-json\/wp\/v2\/product_brand?post=3857"},{"taxonomy":"product_cat","embeddable":true,"href":"https:\/\/www.grupposelva.com\/en\/wp-json\/wp\/v2\/product_cat?post=3857"},{"taxonomy":"product_tag","embeddable":true,"href":"https:\/\/www.grupposelva.com\/en\/wp-json\/wp\/v2\/product_tag?post=3857"}],"curies":[{"name":"wp","href":"https:\/\/api.w.org\/{rel}","templated":true}]}}