{"id":3818,"date":"2024-01-29T13:11:04","date_gmt":"2024-01-29T13:11:04","guid":{"rendered":"https:\/\/www.grupposelva.com\/?post_type=product&#038;p=3818"},"modified":"2024-01-29T13:11:05","modified_gmt":"2024-01-29T13:11:05","slug":"sgabello-mezzadro-zanotta-2","status":"publish","type":"product","link":"https:\/\/www.grupposelva.com\/en\/prodotto\/showroom-italiano\/zona-giorno\/sedie\/sgabello-mezzadro-zanotta-2\/","title":{"rendered":"Sgabello Mezzadro | Zanotta"},"content":{"rendered":"<p>\ud835\ude3f\ud835\ude5a\ud835\ude68\ud835\ude5e\ud835\ude5c\ud835\ude63\ud835\ude5a\ud835\ude67: \ud835\ude3c\ud835\ude58\ud835\ude5d\ud835\ude5e\ud835\ude61\ud835\ude61\ud835\ude5a \ud835\ude5a \ud835\ude4b\ud835\ude5e\ud835\ude5a\ud835\ude67 \ud835\ude42\ud835\ude5e\ud835\ude56\ud835\ude58\ud835\ude64\ud835\ude62\ud835\ude64 \ud835\ude3e\ud835\ude56\ud835\ude68\ud835\ude69\ud835\ude5e\ud835\ude5c\ud835\ude61\ud835\ude5e\ud835\ude64\ud835\ude63\ud835\ude5e<\/p>\n<p><b>Mezzadro<\/b> di Zanotta \u00e8 uno sgabello con struttura in acciaio cromato. Il sedile \u00e8 disponibile in varie colorazioni, mentre la base \u00e8 realizzata in faggio evaporato con finitura naturale.<\/p>\n<p>Si tratta di un articolo di Design prodotto da Zanotta a partire dal 1970, questo sgabello rappresenta un oggetto che evoca le neoavanguardie, dalla provocatoriet\u00e0 dell\u2019Arte Povera all\u2019ironia della Pop Art.<\/p>\n<p><i>Colore in foto: Rosso<\/i><\/p>\n","protected":false},"excerpt":{"rendered":"<p>\ud835\ude3f\ud835\ude5a\ud835\ude68\ud835\ude5e\ud835\ude5c\ud835\ude63\ud835\ude5a\ud835\ude67: \ud835\ude3c\ud835\ude58\ud835\ude5d\ud835\ude5e\ud835\ude61\ud835\ude61\ud835\ude5a \ud835\ude5a \ud835\ude4b\ud835\ude5e\ud835\ude5a\ud835\ude67 \ud835\ude42\ud835\ude5e\ud835\ude56\ud835\ude58\ud835\ude64\ud835\ude62\ud835\ude64 \ud835\ude3e\ud835\ude56\ud835\ude68\ud835\ude69\ud835\ude5e\ud835\ude5c\ud835\ude61\ud835\ude5e\ud835\ude64\ud835\ude63\ud835\ude5e Mezzadro di Zanotta \u00e8 uno sgabello con struttura in acciaio cromato. Il sedile \u00e8 disponibile in varie colorazioni, mentre la base \u00e8 realizzata in faggio evaporato con finitura naturale. Si tratta di un articolo di Design prodotto da Zanotta a partire dal 1970, questo sgabello rappresenta un oggetto che [&hellip;]<\/p>\n","protected":false},"featured_media":3819,"comment_status":"open","ping_status":"closed","template":"","meta":{"_acf_changed":false},"product_brand":[],"product_cat":[32,47,39,31,40],"product_tag":[85],"class_list":{"0":"post-3818","1":"product","2":"type-product","3":"status-publish","4":"has-post-thumbnail","6":"product_cat-cucina","7":"product_cat-sedie","8":"product_cat-sgabelli","9":"product_cat-showroom-italiano","10":"product_cat-zona-giorno","11":"product_tag-carlazzo","13":"first","14":"instock","15":"shipping-taxable","16":"purchasable","17":"product-type-simple"},"acf":[],"yoast_head":"<!-- This site is optimized with the Yoast SEO plugin v26.8 - https:\/\/yoast.com\/product\/yoast-seo-wordpress\/ -->\n<title>Sgabello Mezzadro | Zanotta - Gruppo Selva<\/title>\n<meta name=\"robots\" content=\"index, follow, max-snippet:-1, max-image-preview:large, max-video-preview:-1\" \/>\n<link rel=\"canonical\" href=\"https:\/\/www.grupposelva.com\/en\/prodotto\/showroom-italiano\/zona-giorno\/sedie\/sgabello-mezzadro-zanotta-2\/\" \/>\n<meta property=\"og:locale\" content=\"en_US\" \/>\n<meta property=\"og:type\" content=\"article\" \/>\n<meta property=\"og:title\" content=\"Sgabello Mezzadro | Zanotta - Gruppo Selva\" \/>\n<meta property=\"og:description\" content=\"\ud835\ude3f\ud835\ude5a\ud835\ude68\ud835\ude5e\ud835\ude5c\ud835\ude63\ud835\ude5a\ud835\ude67: \ud835\ude3c\ud835\ude58\ud835\ude5d\ud835\ude5e\ud835\ude61\ud835\ude61\ud835\ude5a \ud835\ude5a \ud835\ude4b\ud835\ude5e\ud835\ude5a\ud835\ude67 \ud835\ude42\ud835\ude5e\ud835\ude56\ud835\ude58\ud835\ude64\ud835\ude62\ud835\ude64 \ud835\ude3e\ud835\ude56\ud835\ude68\ud835\ude69\ud835\ude5e\ud835\ude5c\ud835\ude61\ud835\ude5e\ud835\ude64\ud835\ude63\ud835\ude5e Mezzadro di Zanotta \u00e8 uno sgabello con struttura in acciaio cromato. Il sedile \u00e8 disponibile in varie colorazioni, mentre la base \u00e8 realizzata in faggio evaporato con finitura naturale. Si tratta di un articolo di Design prodotto da Zanotta a partire dal 1970, questo sgabello rappresenta un oggetto che [&hellip;]\" \/>\n<meta property=\"og:url\" content=\"https:\/\/www.grupposelva.com\/en\/prodotto\/showroom-italiano\/zona-giorno\/sedie\/sgabello-mezzadro-zanotta-2\/\" \/>\n<meta property=\"og:site_name\" content=\"Gruppo Selva\" \/>\n<meta property=\"article:publisher\" content=\"https:\/\/www.facebook.com\/SELVAinterior\" \/>\n<meta property=\"article:modified_time\" content=\"2024-01-29T13:11:05+00:00\" \/>\n<meta property=\"og:image\" content=\"https:\/\/www.grupposelva.com\/wp-content\/uploads\/2024\/01\/Sgabello-Mezzadro-Zanotta-1-1.jpg\" \/>\n\t<meta property=\"og:image:width\" content=\"1800\" \/>\n\t<meta property=\"og:image:height\" content=\"1200\" \/>\n\t<meta property=\"og:image:type\" content=\"image\/jpeg\" \/>\n<meta name=\"twitter:card\" content=\"summary_large_image\" \/>\n<meta name=\"twitter:label1\" content=\"Est. reading time\" \/>\n\t<meta name=\"twitter:data1\" content=\"1 minute\" \/>\n<script type=\"application\/ld+json\" class=\"yoast-schema-graph\">{\"@context\":\"https:\/\/schema.org\",\"@graph\":[{\"@type\":\"WebPage\",\"@id\":\"https:\/\/www.grupposelva.com\/en\/prodotto\/showroom-italiano\/zona-giorno\/sedie\/sgabello-mezzadro-zanotta-2\/\",\"url\":\"https:\/\/www.grupposelva.com\/en\/prodotto\/showroom-italiano\/zona-giorno\/sedie\/sgabello-mezzadro-zanotta-2\/\",\"name\":\"Sgabello Mezzadro | Zanotta - Gruppo Selva\",\"isPartOf\":{\"@id\":\"https:\/\/www.grupposelva.com\/en\/#website\"},\"primaryImageOfPage\":{\"@id\":\"https:\/\/www.grupposelva.com\/en\/prodotto\/showroom-italiano\/zona-giorno\/sedie\/sgabello-mezzadro-zanotta-2\/#primaryimage\"},\"image\":{\"@id\":\"https:\/\/www.grupposelva.com\/en\/prodotto\/showroom-italiano\/zona-giorno\/sedie\/sgabello-mezzadro-zanotta-2\/#primaryimage\"},\"thumbnailUrl\":\"https:\/\/www.grupposelva.com\/wp-content\/uploads\/2024\/01\/Sgabello-Mezzadro-Zanotta-1-1.jpg\",\"datePublished\":\"2024-01-29T13:11:04+00:00\",\"dateModified\":\"2024-01-29T13:11:05+00:00\",\"breadcrumb\":{\"@id\":\"https:\/\/www.grupposelva.com\/en\/prodotto\/showroom-italiano\/zona-giorno\/sedie\/sgabello-mezzadro-zanotta-2\/#breadcrumb\"},\"inLanguage\":\"en-US\",\"potentialAction\":[{\"@type\":\"ReadAction\",\"target\":[\"https:\/\/www.grupposelva.com\/en\/prodotto\/showroom-italiano\/zona-giorno\/sedie\/sgabello-mezzadro-zanotta-2\/\"]}]},{\"@type\":\"ImageObject\",\"inLanguage\":\"en-US\",\"@id\":\"https:\/\/www.grupposelva.com\/en\/prodotto\/showroom-italiano\/zona-giorno\/sedie\/sgabello-mezzadro-zanotta-2\/#primaryimage\",\"url\":\"https:\/\/www.grupposelva.com\/wp-content\/uploads\/2024\/01\/Sgabello-Mezzadro-Zanotta-1-1.jpg\",\"contentUrl\":\"https:\/\/www.grupposelva.com\/wp-content\/uploads\/2024\/01\/Sgabello-Mezzadro-Zanotta-1-1.jpg\",\"width\":1800,\"height\":1200},{\"@type\":\"BreadcrumbList\",\"@id\":\"https:\/\/www.grupposelva.com\/en\/prodotto\/showroom-italiano\/zona-giorno\/sedie\/sgabello-mezzadro-zanotta-2\/#breadcrumb\",\"itemListElement\":[{\"@type\":\"ListItem\",\"position\":1,\"name\":\"Home\",\"item\":\"https:\/\/www.grupposelva.com\/en\/\"},{\"@type\":\"ListItem\",\"position\":2,\"name\":\"Shop\",\"item\":\"https:\/\/www.grupposelva.com\/negozio\/\"},{\"@type\":\"ListItem\",\"position\":3,\"name\":\"Sgabello Mezzadro | Zanotta\"}]},{\"@type\":\"WebSite\",\"@id\":\"https:\/\/www.grupposelva.com\/en\/#website\",\"url\":\"https:\/\/www.grupposelva.com\/en\/\",\"name\":\"Gruppo Selva\",\"description\":\"Arredamenti su misura e mobili a Lugano e Como\",\"publisher\":{\"@id\":\"https:\/\/www.grupposelva.com\/en\/#organization\"},\"potentialAction\":[{\"@type\":\"SearchAction\",\"target\":{\"@type\":\"EntryPoint\",\"urlTemplate\":\"https:\/\/www.grupposelva.com\/en\/?s={search_term_string}\"},\"query-input\":{\"@type\":\"PropertyValueSpecification\",\"valueRequired\":true,\"valueName\":\"search_term_string\"}}],\"inLanguage\":\"en-US\"},{\"@type\":\"Organization\",\"@id\":\"https:\/\/www.grupposelva.com\/en\/#organization\",\"name\":\"Gruppo Selva\",\"url\":\"https:\/\/www.grupposelva.com\/en\/\",\"logo\":{\"@type\":\"ImageObject\",\"inLanguage\":\"en-US\",\"@id\":\"https:\/\/www.grupposelva.com\/en\/#\/schema\/logo\/image\/\",\"url\":\"https:\/\/www.grupposelva.com\/wp-content\/uploads\/2023\/07\/logo-selva-40.png\",\"contentUrl\":\"https:\/\/www.grupposelva.com\/wp-content\/uploads\/2023\/07\/logo-selva-40.png\",\"width\":743,\"height\":124,\"caption\":\"Gruppo Selva\"},\"image\":{\"@id\":\"https:\/\/www.grupposelva.com\/en\/#\/schema\/logo\/image\/\"},\"sameAs\":[\"https:\/\/www.facebook.com\/SELVAinterior\",\"https:\/\/www.instagram.com\/grupposelva\/\"]}]}<\/script>\n<!-- \/ Yoast SEO plugin. -->","yoast_head_json":{"title":"Sgabello Mezzadro | Zanotta - Gruppo Selva","robots":{"index":"index","follow":"follow","max-snippet":"max-snippet:-1","max-image-preview":"max-image-preview:large","max-video-preview":"max-video-preview:-1"},"canonical":"https:\/\/www.grupposelva.com\/en\/prodotto\/showroom-italiano\/zona-giorno\/sedie\/sgabello-mezzadro-zanotta-2\/","og_locale":"en_US","og_type":"article","og_title":"Sgabello Mezzadro | Zanotta - Gruppo Selva","og_description":"\ud835\ude3f\ud835\ude5a\ud835\ude68\ud835\ude5e\ud835\ude5c\ud835\ude63\ud835\ude5a\ud835\ude67: \ud835\ude3c\ud835\ude58\ud835\ude5d\ud835\ude5e\ud835\ude61\ud835\ude61\ud835\ude5a \ud835\ude5a \ud835\ude4b\ud835\ude5e\ud835\ude5a\ud835\ude67 \ud835\ude42\ud835\ude5e\ud835\ude56\ud835\ude58\ud835\ude64\ud835\ude62\ud835\ude64 \ud835\ude3e\ud835\ude56\ud835\ude68\ud835\ude69\ud835\ude5e\ud835\ude5c\ud835\ude61\ud835\ude5e\ud835\ude64\ud835\ude63\ud835\ude5e Mezzadro di Zanotta \u00e8 uno sgabello con struttura in acciaio cromato. Il sedile \u00e8 disponibile in varie colorazioni, mentre la base \u00e8 realizzata in faggio evaporato con finitura naturale. Si tratta di un articolo di Design prodotto da Zanotta a partire dal 1970, questo sgabello rappresenta un oggetto che [&hellip;]","og_url":"https:\/\/www.grupposelva.com\/en\/prodotto\/showroom-italiano\/zona-giorno\/sedie\/sgabello-mezzadro-zanotta-2\/","og_site_name":"Gruppo Selva","article_publisher":"https:\/\/www.facebook.com\/SELVAinterior","article_modified_time":"2024-01-29T13:11:05+00:00","og_image":[{"width":1800,"height":1200,"url":"https:\/\/www.grupposelva.com\/wp-content\/uploads\/2024\/01\/Sgabello-Mezzadro-Zanotta-1-1.jpg","type":"image\/jpeg"}],"twitter_card":"summary_large_image","twitter_misc":{"Est. reading time":"1 minute"},"schema":{"@context":"https:\/\/schema.org","@graph":[{"@type":"WebPage","@id":"https:\/\/www.grupposelva.com\/en\/prodotto\/showroom-italiano\/zona-giorno\/sedie\/sgabello-mezzadro-zanotta-2\/","url":"https:\/\/www.grupposelva.com\/en\/prodotto\/showroom-italiano\/zona-giorno\/sedie\/sgabello-mezzadro-zanotta-2\/","name":"Sgabello Mezzadro | Zanotta - Gruppo Selva","isPartOf":{"@id":"https:\/\/www.grupposelva.com\/en\/#website"},"primaryImageOfPage":{"@id":"https:\/\/www.grupposelva.com\/en\/prodotto\/showroom-italiano\/zona-giorno\/sedie\/sgabello-mezzadro-zanotta-2\/#primaryimage"},"image":{"@id":"https:\/\/www.grupposelva.com\/en\/prodotto\/showroom-italiano\/zona-giorno\/sedie\/sgabello-mezzadro-zanotta-2\/#primaryimage"},"thumbnailUrl":"https:\/\/www.grupposelva.com\/wp-content\/uploads\/2024\/01\/Sgabello-Mezzadro-Zanotta-1-1.jpg","datePublished":"2024-01-29T13:11:04+00:00","dateModified":"2024-01-29T13:11:05+00:00","breadcrumb":{"@id":"https:\/\/www.grupposelva.com\/en\/prodotto\/showroom-italiano\/zona-giorno\/sedie\/sgabello-mezzadro-zanotta-2\/#breadcrumb"},"inLanguage":"en-US","potentialAction":[{"@type":"ReadAction","target":["https:\/\/www.grupposelva.com\/en\/prodotto\/showroom-italiano\/zona-giorno\/sedie\/sgabello-mezzadro-zanotta-2\/"]}]},{"@type":"ImageObject","inLanguage":"en-US","@id":"https:\/\/www.grupposelva.com\/en\/prodotto\/showroom-italiano\/zona-giorno\/sedie\/sgabello-mezzadro-zanotta-2\/#primaryimage","url":"https:\/\/www.grupposelva.com\/wp-content\/uploads\/2024\/01\/Sgabello-Mezzadro-Zanotta-1-1.jpg","contentUrl":"https:\/\/www.grupposelva.com\/wp-content\/uploads\/2024\/01\/Sgabello-Mezzadro-Zanotta-1-1.jpg","width":1800,"height":1200},{"@type":"BreadcrumbList","@id":"https:\/\/www.grupposelva.com\/en\/prodotto\/showroom-italiano\/zona-giorno\/sedie\/sgabello-mezzadro-zanotta-2\/#breadcrumb","itemListElement":[{"@type":"ListItem","position":1,"name":"Home","item":"https:\/\/www.grupposelva.com\/en\/"},{"@type":"ListItem","position":2,"name":"Shop","item":"https:\/\/www.grupposelva.com\/negozio\/"},{"@type":"ListItem","position":3,"name":"Sgabello Mezzadro | Zanotta"}]},{"@type":"WebSite","@id":"https:\/\/www.grupposelva.com\/en\/#website","url":"https:\/\/www.grupposelva.com\/en\/","name":"Gruppo Selva","description":"Arredamenti su misura e mobili a Lugano e Como","publisher":{"@id":"https:\/\/www.grupposelva.com\/en\/#organization"},"potentialAction":[{"@type":"SearchAction","target":{"@type":"EntryPoint","urlTemplate":"https:\/\/www.grupposelva.com\/en\/?s={search_term_string}"},"query-input":{"@type":"PropertyValueSpecification","valueRequired":true,"valueName":"search_term_string"}}],"inLanguage":"en-US"},{"@type":"Organization","@id":"https:\/\/www.grupposelva.com\/en\/#organization","name":"Gruppo Selva","url":"https:\/\/www.grupposelva.com\/en\/","logo":{"@type":"ImageObject","inLanguage":"en-US","@id":"https:\/\/www.grupposelva.com\/en\/#\/schema\/logo\/image\/","url":"https:\/\/www.grupposelva.com\/wp-content\/uploads\/2023\/07\/logo-selva-40.png","contentUrl":"https:\/\/www.grupposelva.com\/wp-content\/uploads\/2023\/07\/logo-selva-40.png","width":743,"height":124,"caption":"Gruppo Selva"},"image":{"@id":"https:\/\/www.grupposelva.com\/en\/#\/schema\/logo\/image\/"},"sameAs":["https:\/\/www.facebook.com\/SELVAinterior","https:\/\/www.instagram.com\/grupposelva\/"]}]}},"_links":{"self":[{"href":"https:\/\/www.grupposelva.com\/en\/wp-json\/wp\/v2\/product\/3818","targetHints":{"allow":["GET"]}}],"collection":[{"href":"https:\/\/www.grupposelva.com\/en\/wp-json\/wp\/v2\/product"}],"about":[{"href":"https:\/\/www.grupposelva.com\/en\/wp-json\/wp\/v2\/types\/product"}],"replies":[{"embeddable":true,"href":"https:\/\/www.grupposelva.com\/en\/wp-json\/wp\/v2\/comments?post=3818"}],"wp:featuredmedia":[{"embeddable":true,"href":"https:\/\/www.grupposelva.com\/en\/wp-json\/wp\/v2\/media\/3819"}],"wp:attachment":[{"href":"https:\/\/www.grupposelva.com\/en\/wp-json\/wp\/v2\/media?parent=3818"}],"wp:term":[{"taxonomy":"product_brand","embeddable":true,"href":"https:\/\/www.grupposelva.com\/en\/wp-json\/wp\/v2\/product_brand?post=3818"},{"taxonomy":"product_cat","embeddable":true,"href":"https:\/\/www.grupposelva.com\/en\/wp-json\/wp\/v2\/product_cat?post=3818"},{"taxonomy":"product_tag","embeddable":true,"href":"https:\/\/www.grupposelva.com\/en\/wp-json\/wp\/v2\/product_tag?post=3818"}],"curies":[{"name":"wp","href":"https:\/\/api.w.org\/{rel}","templated":true}]}}