{"id":2656,"date":"2023-12-11T11:21:18","date_gmt":"2023-12-11T11:21:18","guid":{"rendered":"https:\/\/www.grupposelva.com\/?post_type=product&#038;p=2656"},"modified":"2025-12-17T11:23:57","modified_gmt":"2025-12-17T11:23:57","slug":"tavolo-nori-kristalia","status":"publish","type":"product","link":"https:\/\/www.grupposelva.com\/en\/prodotto\/showroom-italiano\/zona-giorno\/tavoli\/tavolo-nori-kristalia\/","title":{"rendered":"Tavolo Nori | Kristalia"},"content":{"rendered":"<p>\ud835\ude3f\ud835\ude5a\ud835\ude68\ud835\ude5e\ud835\ude5c\ud835\ude63\ud835\ude5a\ud835\ude67: \ud835\ude3d\ud835\ude56\ud835\ude67\ud835\ude69\ud835\ude64\ud835\ude61\ud835\ude5e \ud835\ude3f\ud835\ude5a\ud835\ude68\ud835\ude5e\ud835\ude5c\ud835\ude63<\/p>\n<p><strong>Nori<\/strong> di Kristalia \u00e8 l&#8217;evoluzione del tavolo Sushi,\u00a0essendo disponibile sia come tavolo fisso che allungabile in una vasta scelta di dimensioni e finiture.<\/p>\n<p>La novit\u00e0 di Nori risiede nel design delle gambe, caratterizzate da una sezione affusolata che conferisce dinamicit\u00e0 al tavolo. Il piano \u00e8 realizzato con materiali innovativi \u00e8 sottile ma incredibilmente resistente.<\/p>\n<p>Grazie alla qualit\u00e0 dei materiali, i tavoli Nori possono raggiungere dimensioni notevoli senza compromettere leggerezza e stabilit\u00e0.<\/p>\n<p><em>Colore in foto: Gambe in alluminio verniciato Bianco e Piano in vetro extra chiaro<\/em><\/p>\n","protected":false},"excerpt":{"rendered":"<p>\ud835\ude3f\ud835\ude5a\ud835\ude68\ud835\ude5e\ud835\ude5c\ud835\ude63\ud835\ude5a\ud835\ude67: \ud835\ude3d\ud835\ude56\ud835\ude67\ud835\ude69\ud835\ude64\ud835\ude61\ud835\ude5e \ud835\ude3f\ud835\ude5a\ud835\ude68\ud835\ude5e\ud835\ude5c\ud835\ude63 Nori di Kristalia \u00e8 l&#8217;evoluzione del tavolo Sushi,\u00a0essendo disponibile sia come tavolo fisso che allungabile in una vasta scelta di dimensioni e finiture. La novit\u00e0 di Nori risiede nel design delle gambe, caratterizzate da una sezione affusolata che conferisce dinamicit\u00e0 al tavolo. Il piano \u00e8 realizzato con materiali innovativi \u00e8 sottile ma [&hellip;]<\/p>\n","protected":false},"featured_media":2670,"comment_status":"open","ping_status":"closed","template":"","meta":{"_acf_changed":false},"product_brand":[],"product_cat":[31,45,40],"product_tag":[85],"class_list":{"0":"post-2656","1":"product","2":"type-product","3":"status-publish","4":"has-post-thumbnail","6":"product_cat-showroom-italiano","7":"product_cat-tavoli","8":"product_cat-zona-giorno","9":"product_tag-carlazzo","11":"first","12":"instock","13":"sale","14":"shipping-taxable","15":"purchasable","16":"product-type-simple"},"acf":[],"yoast_head":"<!-- This site is optimized with the Yoast SEO plugin v26.8 - https:\/\/yoast.com\/product\/yoast-seo-wordpress\/ -->\n<title>Tavolo Nori | Kristalia - Gruppo Selva<\/title>\n<meta name=\"robots\" content=\"index, follow, max-snippet:-1, max-image-preview:large, max-video-preview:-1\" \/>\n<link rel=\"canonical\" href=\"https:\/\/www.grupposelva.com\/en\/prodotto\/showroom-italiano\/zona-giorno\/tavoli\/tavolo-nori-kristalia\/\" \/>\n<meta property=\"og:locale\" content=\"en_US\" \/>\n<meta property=\"og:type\" content=\"article\" \/>\n<meta property=\"og:title\" content=\"Tavolo Nori | Kristalia - Gruppo Selva\" \/>\n<meta property=\"og:description\" content=\"\ud835\ude3f\ud835\ude5a\ud835\ude68\ud835\ude5e\ud835\ude5c\ud835\ude63\ud835\ude5a\ud835\ude67: \ud835\ude3d\ud835\ude56\ud835\ude67\ud835\ude69\ud835\ude64\ud835\ude61\ud835\ude5e \ud835\ude3f\ud835\ude5a\ud835\ude68\ud835\ude5e\ud835\ude5c\ud835\ude63 Nori di Kristalia \u00e8 l&#8217;evoluzione del tavolo Sushi,\u00a0essendo disponibile sia come tavolo fisso che allungabile in una vasta scelta di dimensioni e finiture. La novit\u00e0 di Nori risiede nel design delle gambe, caratterizzate da una sezione affusolata che conferisce dinamicit\u00e0 al tavolo. Il piano \u00e8 realizzato con materiali innovativi \u00e8 sottile ma [&hellip;]\" \/>\n<meta property=\"og:url\" content=\"https:\/\/www.grupposelva.com\/en\/prodotto\/showroom-italiano\/zona-giorno\/tavoli\/tavolo-nori-kristalia\/\" \/>\n<meta property=\"og:site_name\" content=\"Gruppo Selva\" \/>\n<meta property=\"article:publisher\" content=\"https:\/\/www.facebook.com\/SELVAinterior\" \/>\n<meta property=\"article:modified_time\" content=\"2025-12-17T11:23:57+00:00\" \/>\n<meta property=\"og:image\" content=\"https:\/\/www.grupposelva.com\/wp-content\/uploads\/2023\/12\/Tavolo-Nori-Kristalia-1-1.jpg\" \/>\n\t<meta property=\"og:image:width\" content=\"1800\" \/>\n\t<meta property=\"og:image:height\" content=\"1200\" \/>\n\t<meta property=\"og:image:type\" content=\"image\/jpeg\" \/>\n<meta name=\"twitter:card\" content=\"summary_large_image\" \/>\n<meta name=\"twitter:label1\" content=\"Est. reading time\" \/>\n\t<meta name=\"twitter:data1\" content=\"1 minute\" \/>\n<script type=\"application\/ld+json\" class=\"yoast-schema-graph\">{\"@context\":\"https:\/\/schema.org\",\"@graph\":[{\"@type\":\"WebPage\",\"@id\":\"https:\/\/www.grupposelva.com\/en\/prodotto\/showroom-italiano\/zona-giorno\/tavoli\/tavolo-nori-kristalia\/\",\"url\":\"https:\/\/www.grupposelva.com\/en\/prodotto\/showroom-italiano\/zona-giorno\/tavoli\/tavolo-nori-kristalia\/\",\"name\":\"Tavolo Nori | Kristalia - Gruppo Selva\",\"isPartOf\":{\"@id\":\"https:\/\/www.grupposelva.com\/en\/#website\"},\"primaryImageOfPage\":{\"@id\":\"https:\/\/www.grupposelva.com\/en\/prodotto\/showroom-italiano\/zona-giorno\/tavoli\/tavolo-nori-kristalia\/#primaryimage\"},\"image\":{\"@id\":\"https:\/\/www.grupposelva.com\/en\/prodotto\/showroom-italiano\/zona-giorno\/tavoli\/tavolo-nori-kristalia\/#primaryimage\"},\"thumbnailUrl\":\"https:\/\/www.grupposelva.com\/wp-content\/uploads\/2023\/12\/Tavolo-Nori-Kristalia-1-1.jpg\",\"datePublished\":\"2023-12-11T11:21:18+00:00\",\"dateModified\":\"2025-12-17T11:23:57+00:00\",\"breadcrumb\":{\"@id\":\"https:\/\/www.grupposelva.com\/en\/prodotto\/showroom-italiano\/zona-giorno\/tavoli\/tavolo-nori-kristalia\/#breadcrumb\"},\"inLanguage\":\"en-US\",\"potentialAction\":[{\"@type\":\"ReadAction\",\"target\":[\"https:\/\/www.grupposelva.com\/en\/prodotto\/showroom-italiano\/zona-giorno\/tavoli\/tavolo-nori-kristalia\/\"]}]},{\"@type\":\"ImageObject\",\"inLanguage\":\"en-US\",\"@id\":\"https:\/\/www.grupposelva.com\/en\/prodotto\/showroom-italiano\/zona-giorno\/tavoli\/tavolo-nori-kristalia\/#primaryimage\",\"url\":\"https:\/\/www.grupposelva.com\/wp-content\/uploads\/2023\/12\/Tavolo-Nori-Kristalia-1-1.jpg\",\"contentUrl\":\"https:\/\/www.grupposelva.com\/wp-content\/uploads\/2023\/12\/Tavolo-Nori-Kristalia-1-1.jpg\",\"width\":1800,\"height\":1200},{\"@type\":\"BreadcrumbList\",\"@id\":\"https:\/\/www.grupposelva.com\/en\/prodotto\/showroom-italiano\/zona-giorno\/tavoli\/tavolo-nori-kristalia\/#breadcrumb\",\"itemListElement\":[{\"@type\":\"ListItem\",\"position\":1,\"name\":\"Home\",\"item\":\"https:\/\/www.grupposelva.com\/en\/\"},{\"@type\":\"ListItem\",\"position\":2,\"name\":\"Shop\",\"item\":\"https:\/\/www.grupposelva.com\/negozio\/\"},{\"@type\":\"ListItem\",\"position\":3,\"name\":\"Tavolo Nori | Kristalia\"}]},{\"@type\":\"WebSite\",\"@id\":\"https:\/\/www.grupposelva.com\/en\/#website\",\"url\":\"https:\/\/www.grupposelva.com\/en\/\",\"name\":\"Gruppo Selva\",\"description\":\"Arredamenti su misura e mobili a Lugano e Como\",\"publisher\":{\"@id\":\"https:\/\/www.grupposelva.com\/en\/#organization\"},\"potentialAction\":[{\"@type\":\"SearchAction\",\"target\":{\"@type\":\"EntryPoint\",\"urlTemplate\":\"https:\/\/www.grupposelva.com\/en\/?s={search_term_string}\"},\"query-input\":{\"@type\":\"PropertyValueSpecification\",\"valueRequired\":true,\"valueName\":\"search_term_string\"}}],\"inLanguage\":\"en-US\"},{\"@type\":\"Organization\",\"@id\":\"https:\/\/www.grupposelva.com\/en\/#organization\",\"name\":\"Gruppo Selva\",\"url\":\"https:\/\/www.grupposelva.com\/en\/\",\"logo\":{\"@type\":\"ImageObject\",\"inLanguage\":\"en-US\",\"@id\":\"https:\/\/www.grupposelva.com\/en\/#\/schema\/logo\/image\/\",\"url\":\"https:\/\/www.grupposelva.com\/wp-content\/uploads\/2023\/07\/logo-selva-40.png\",\"contentUrl\":\"https:\/\/www.grupposelva.com\/wp-content\/uploads\/2023\/07\/logo-selva-40.png\",\"width\":743,\"height\":124,\"caption\":\"Gruppo Selva\"},\"image\":{\"@id\":\"https:\/\/www.grupposelva.com\/en\/#\/schema\/logo\/image\/\"},\"sameAs\":[\"https:\/\/www.facebook.com\/SELVAinterior\",\"https:\/\/www.instagram.com\/grupposelva\/\"]}]}<\/script>\n<!-- \/ Yoast SEO plugin. -->","yoast_head_json":{"title":"Tavolo Nori | Kristalia - Gruppo Selva","robots":{"index":"index","follow":"follow","max-snippet":"max-snippet:-1","max-image-preview":"max-image-preview:large","max-video-preview":"max-video-preview:-1"},"canonical":"https:\/\/www.grupposelva.com\/en\/prodotto\/showroom-italiano\/zona-giorno\/tavoli\/tavolo-nori-kristalia\/","og_locale":"en_US","og_type":"article","og_title":"Tavolo Nori | Kristalia - Gruppo Selva","og_description":"\ud835\ude3f\ud835\ude5a\ud835\ude68\ud835\ude5e\ud835\ude5c\ud835\ude63\ud835\ude5a\ud835\ude67: \ud835\ude3d\ud835\ude56\ud835\ude67\ud835\ude69\ud835\ude64\ud835\ude61\ud835\ude5e \ud835\ude3f\ud835\ude5a\ud835\ude68\ud835\ude5e\ud835\ude5c\ud835\ude63 Nori di Kristalia \u00e8 l&#8217;evoluzione del tavolo Sushi,\u00a0essendo disponibile sia come tavolo fisso che allungabile in una vasta scelta di dimensioni e finiture. La novit\u00e0 di Nori risiede nel design delle gambe, caratterizzate da una sezione affusolata che conferisce dinamicit\u00e0 al tavolo. Il piano \u00e8 realizzato con materiali innovativi \u00e8 sottile ma [&hellip;]","og_url":"https:\/\/www.grupposelva.com\/en\/prodotto\/showroom-italiano\/zona-giorno\/tavoli\/tavolo-nori-kristalia\/","og_site_name":"Gruppo Selva","article_publisher":"https:\/\/www.facebook.com\/SELVAinterior","article_modified_time":"2025-12-17T11:23:57+00:00","og_image":[{"width":1800,"height":1200,"url":"https:\/\/www.grupposelva.com\/wp-content\/uploads\/2023\/12\/Tavolo-Nori-Kristalia-1-1.jpg","type":"image\/jpeg"}],"twitter_card":"summary_large_image","twitter_misc":{"Est. reading time":"1 minute"},"schema":{"@context":"https:\/\/schema.org","@graph":[{"@type":"WebPage","@id":"https:\/\/www.grupposelva.com\/en\/prodotto\/showroom-italiano\/zona-giorno\/tavoli\/tavolo-nori-kristalia\/","url":"https:\/\/www.grupposelva.com\/en\/prodotto\/showroom-italiano\/zona-giorno\/tavoli\/tavolo-nori-kristalia\/","name":"Tavolo Nori | Kristalia - Gruppo Selva","isPartOf":{"@id":"https:\/\/www.grupposelva.com\/en\/#website"},"primaryImageOfPage":{"@id":"https:\/\/www.grupposelva.com\/en\/prodotto\/showroom-italiano\/zona-giorno\/tavoli\/tavolo-nori-kristalia\/#primaryimage"},"image":{"@id":"https:\/\/www.grupposelva.com\/en\/prodotto\/showroom-italiano\/zona-giorno\/tavoli\/tavolo-nori-kristalia\/#primaryimage"},"thumbnailUrl":"https:\/\/www.grupposelva.com\/wp-content\/uploads\/2023\/12\/Tavolo-Nori-Kristalia-1-1.jpg","datePublished":"2023-12-11T11:21:18+00:00","dateModified":"2025-12-17T11:23:57+00:00","breadcrumb":{"@id":"https:\/\/www.grupposelva.com\/en\/prodotto\/showroom-italiano\/zona-giorno\/tavoli\/tavolo-nori-kristalia\/#breadcrumb"},"inLanguage":"en-US","potentialAction":[{"@type":"ReadAction","target":["https:\/\/www.grupposelva.com\/en\/prodotto\/showroom-italiano\/zona-giorno\/tavoli\/tavolo-nori-kristalia\/"]}]},{"@type":"ImageObject","inLanguage":"en-US","@id":"https:\/\/www.grupposelva.com\/en\/prodotto\/showroom-italiano\/zona-giorno\/tavoli\/tavolo-nori-kristalia\/#primaryimage","url":"https:\/\/www.grupposelva.com\/wp-content\/uploads\/2023\/12\/Tavolo-Nori-Kristalia-1-1.jpg","contentUrl":"https:\/\/www.grupposelva.com\/wp-content\/uploads\/2023\/12\/Tavolo-Nori-Kristalia-1-1.jpg","width":1800,"height":1200},{"@type":"BreadcrumbList","@id":"https:\/\/www.grupposelva.com\/en\/prodotto\/showroom-italiano\/zona-giorno\/tavoli\/tavolo-nori-kristalia\/#breadcrumb","itemListElement":[{"@type":"ListItem","position":1,"name":"Home","item":"https:\/\/www.grupposelva.com\/en\/"},{"@type":"ListItem","position":2,"name":"Shop","item":"https:\/\/www.grupposelva.com\/negozio\/"},{"@type":"ListItem","position":3,"name":"Tavolo Nori | Kristalia"}]},{"@type":"WebSite","@id":"https:\/\/www.grupposelva.com\/en\/#website","url":"https:\/\/www.grupposelva.com\/en\/","name":"Gruppo Selva","description":"Arredamenti su misura e mobili a Lugano e Como","publisher":{"@id":"https:\/\/www.grupposelva.com\/en\/#organization"},"potentialAction":[{"@type":"SearchAction","target":{"@type":"EntryPoint","urlTemplate":"https:\/\/www.grupposelva.com\/en\/?s={search_term_string}"},"query-input":{"@type":"PropertyValueSpecification","valueRequired":true,"valueName":"search_term_string"}}],"inLanguage":"en-US"},{"@type":"Organization","@id":"https:\/\/www.grupposelva.com\/en\/#organization","name":"Gruppo Selva","url":"https:\/\/www.grupposelva.com\/en\/","logo":{"@type":"ImageObject","inLanguage":"en-US","@id":"https:\/\/www.grupposelva.com\/en\/#\/schema\/logo\/image\/","url":"https:\/\/www.grupposelva.com\/wp-content\/uploads\/2023\/07\/logo-selva-40.png","contentUrl":"https:\/\/www.grupposelva.com\/wp-content\/uploads\/2023\/07\/logo-selva-40.png","width":743,"height":124,"caption":"Gruppo Selva"},"image":{"@id":"https:\/\/www.grupposelva.com\/en\/#\/schema\/logo\/image\/"},"sameAs":["https:\/\/www.facebook.com\/SELVAinterior","https:\/\/www.instagram.com\/grupposelva\/"]}]}},"_links":{"self":[{"href":"https:\/\/www.grupposelva.com\/en\/wp-json\/wp\/v2\/product\/2656","targetHints":{"allow":["GET"]}}],"collection":[{"href":"https:\/\/www.grupposelva.com\/en\/wp-json\/wp\/v2\/product"}],"about":[{"href":"https:\/\/www.grupposelva.com\/en\/wp-json\/wp\/v2\/types\/product"}],"replies":[{"embeddable":true,"href":"https:\/\/www.grupposelva.com\/en\/wp-json\/wp\/v2\/comments?post=2656"}],"wp:featuredmedia":[{"embeddable":true,"href":"https:\/\/www.grupposelva.com\/en\/wp-json\/wp\/v2\/media\/2670"}],"wp:attachment":[{"href":"https:\/\/www.grupposelva.com\/en\/wp-json\/wp\/v2\/media?parent=2656"}],"wp:term":[{"taxonomy":"product_brand","embeddable":true,"href":"https:\/\/www.grupposelva.com\/en\/wp-json\/wp\/v2\/product_brand?post=2656"},{"taxonomy":"product_cat","embeddable":true,"href":"https:\/\/www.grupposelva.com\/en\/wp-json\/wp\/v2\/product_cat?post=2656"},{"taxonomy":"product_tag","embeddable":true,"href":"https:\/\/www.grupposelva.com\/en\/wp-json\/wp\/v2\/product_tag?post=2656"}],"curies":[{"name":"wp","href":"https:\/\/api.w.org\/{rel}","templated":true}]}}