{"id":1140,"date":"2023-10-25T08:44:16","date_gmt":"2023-10-25T08:44:16","guid":{"rendered":"https:\/\/www.grupposelva.com\/?post_type=product&#038;p=1140"},"modified":"2025-03-04T08:00:37","modified_gmt":"2025-03-04T08:00:37","slug":"lampada-wood-penta","status":"publish","type":"product","link":"https:\/\/www.grupposelva.com\/en\/prodotto\/showroom-italiano\/illuminazione\/lampade-da-terra\/lampada-wood-penta\/","title":{"rendered":"Lampada Wood | Pentalight"},"content":{"rendered":"<p>\ud835\ude3f\ud835\ude5a\ud835\ude68\ud835\ude5e\ud835\ude5c\ud835\ude63\ud835\ude5a\ud835\ude67: \ud835\ude49\ud835\ude5e\ud835\ude58\ud835\ude64\ud835\ude61\ud835\ude56 \ud835\ude42\ud835\ude56\ud835\ude61\ud835\ude5e\ud835\ude6f\ud835\ude5e\ud835\ude56<\/p>\n<p><strong>Wood<\/strong>\u00a0di Pentalight \u00e8 una lampada da terra, realizzata in legno e dotata di un paralume quadrato in tessuto. La finitura \u00e8 laccato opaco.<\/p>\n<p>Si tratta di un prodotto di fine serie, il prodotto \u00e8 fuori produzione.<\/p>\n<p><em>Colore in foto: Arancione<\/em><\/p>\n","protected":false},"excerpt":{"rendered":"<p>\ud835\ude3f\ud835\ude5a\ud835\ude68\ud835\ude5e\ud835\ude5c\ud835\ude63\ud835\ude5a\ud835\ude67: \ud835\ude49\ud835\ude5e\ud835\ude58\ud835\ude64\ud835\ude61\ud835\ude56 \ud835\ude42\ud835\ude56\ud835\ude61\ud835\ude5e\ud835\ude6f\ud835\ude5e\ud835\ude56 Wood\u00a0di Pentalight \u00e8 una lampada da terra, realizzata in legno e dotata di un paralume quadrato in tessuto. La finitura \u00e8 laccato opaco. Si tratta di un prodotto di fine serie, il prodotto \u00e8 fuori produzione. Colore in foto: Arancione<\/p>\n","protected":false},"featured_media":1141,"comment_status":"open","ping_status":"closed","template":"","meta":{"_acf_changed":false},"product_brand":[],"product_cat":[65,67,31],"product_tag":[84],"class_list":{"0":"post-1140","1":"product","2":"type-product","3":"status-publish","4":"has-post-thumbnail","6":"product_cat-illuminazione","7":"product_cat-lampade-da-terra","8":"product_cat-showroom-italiano","9":"product_tag-lenno","11":"first","12":"instock","13":"shipping-taxable","14":"purchasable","15":"product-type-simple"},"acf":[],"yoast_head":"<!-- This site is optimized with the Yoast SEO plugin v26.8 - https:\/\/yoast.com\/product\/yoast-seo-wordpress\/ -->\n<title>Lampada Wood | Pentalight - Gruppo Selva<\/title>\n<meta name=\"robots\" content=\"index, follow, max-snippet:-1, max-image-preview:large, max-video-preview:-1\" \/>\n<link rel=\"canonical\" href=\"https:\/\/www.grupposelva.com\/en\/prodotto\/showroom-italiano\/illuminazione\/lampade-da-terra\/lampada-wood-penta\/\" \/>\n<meta property=\"og:locale\" content=\"en_US\" \/>\n<meta property=\"og:type\" content=\"article\" \/>\n<meta property=\"og:title\" content=\"Lampada Wood | Pentalight - Gruppo Selva\" \/>\n<meta property=\"og:description\" content=\"\ud835\ude3f\ud835\ude5a\ud835\ude68\ud835\ude5e\ud835\ude5c\ud835\ude63\ud835\ude5a\ud835\ude67: \ud835\ude49\ud835\ude5e\ud835\ude58\ud835\ude64\ud835\ude61\ud835\ude56 \ud835\ude42\ud835\ude56\ud835\ude61\ud835\ude5e\ud835\ude6f\ud835\ude5e\ud835\ude56 Wood\u00a0di Pentalight \u00e8 una lampada da terra, realizzata in legno e dotata di un paralume quadrato in tessuto. La finitura \u00e8 laccato opaco. Si tratta di un prodotto di fine serie, il prodotto \u00e8 fuori produzione. Colore in foto: Arancione\" \/>\n<meta property=\"og:url\" content=\"https:\/\/www.grupposelva.com\/en\/prodotto\/showroom-italiano\/illuminazione\/lampade-da-terra\/lampada-wood-penta\/\" \/>\n<meta property=\"og:site_name\" content=\"Gruppo Selva\" \/>\n<meta property=\"article:publisher\" content=\"https:\/\/www.facebook.com\/SELVAinterior\" \/>\n<meta property=\"article:modified_time\" content=\"2025-03-04T08:00:37+00:00\" \/>\n<meta property=\"og:image\" content=\"https:\/\/www.grupposelva.com\/wp-content\/uploads\/2023\/10\/SITO-WEB-Imm-1-3.png\" \/>\n\t<meta property=\"og:image:width\" content=\"1800\" \/>\n\t<meta property=\"og:image:height\" content=\"1200\" \/>\n\t<meta property=\"og:image:type\" content=\"image\/png\" \/>\n<meta name=\"twitter:card\" content=\"summary_large_image\" \/>\n<meta name=\"twitter:label1\" content=\"Est. reading time\" \/>\n\t<meta name=\"twitter:data1\" content=\"1 minute\" \/>\n<script type=\"application\/ld+json\" class=\"yoast-schema-graph\">{\"@context\":\"https:\/\/schema.org\",\"@graph\":[{\"@type\":\"WebPage\",\"@id\":\"https:\/\/www.grupposelva.com\/en\/prodotto\/showroom-italiano\/illuminazione\/lampade-da-terra\/lampada-wood-penta\/\",\"url\":\"https:\/\/www.grupposelva.com\/en\/prodotto\/showroom-italiano\/illuminazione\/lampade-da-terra\/lampada-wood-penta\/\",\"name\":\"Lampada Wood | Pentalight - Gruppo Selva\",\"isPartOf\":{\"@id\":\"https:\/\/www.grupposelva.com\/en\/#website\"},\"primaryImageOfPage\":{\"@id\":\"https:\/\/www.grupposelva.com\/en\/prodotto\/showroom-italiano\/illuminazione\/lampade-da-terra\/lampada-wood-penta\/#primaryimage\"},\"image\":{\"@id\":\"https:\/\/www.grupposelva.com\/en\/prodotto\/showroom-italiano\/illuminazione\/lampade-da-terra\/lampada-wood-penta\/#primaryimage\"},\"thumbnailUrl\":\"https:\/\/www.grupposelva.com\/wp-content\/uploads\/2023\/10\/SITO-WEB-Imm-1-3.png\",\"datePublished\":\"2023-10-25T08:44:16+00:00\",\"dateModified\":\"2025-03-04T08:00:37+00:00\",\"breadcrumb\":{\"@id\":\"https:\/\/www.grupposelva.com\/en\/prodotto\/showroom-italiano\/illuminazione\/lampade-da-terra\/lampada-wood-penta\/#breadcrumb\"},\"inLanguage\":\"en-US\",\"potentialAction\":[{\"@type\":\"ReadAction\",\"target\":[\"https:\/\/www.grupposelva.com\/en\/prodotto\/showroom-italiano\/illuminazione\/lampade-da-terra\/lampada-wood-penta\/\"]}]},{\"@type\":\"ImageObject\",\"inLanguage\":\"en-US\",\"@id\":\"https:\/\/www.grupposelva.com\/en\/prodotto\/showroom-italiano\/illuminazione\/lampade-da-terra\/lampada-wood-penta\/#primaryimage\",\"url\":\"https:\/\/www.grupposelva.com\/wp-content\/uploads\/2023\/10\/SITO-WEB-Imm-1-3.png\",\"contentUrl\":\"https:\/\/www.grupposelva.com\/wp-content\/uploads\/2023\/10\/SITO-WEB-Imm-1-3.png\",\"width\":1800,\"height\":1200},{\"@type\":\"BreadcrumbList\",\"@id\":\"https:\/\/www.grupposelva.com\/en\/prodotto\/showroom-italiano\/illuminazione\/lampade-da-terra\/lampada-wood-penta\/#breadcrumb\",\"itemListElement\":[{\"@type\":\"ListItem\",\"position\":1,\"name\":\"Home\",\"item\":\"https:\/\/www.grupposelva.com\/en\/\"},{\"@type\":\"ListItem\",\"position\":2,\"name\":\"Shop\",\"item\":\"https:\/\/www.grupposelva.com\/negozio\/\"},{\"@type\":\"ListItem\",\"position\":3,\"name\":\"Lampada Wood | Pentalight\"}]},{\"@type\":\"WebSite\",\"@id\":\"https:\/\/www.grupposelva.com\/en\/#website\",\"url\":\"https:\/\/www.grupposelva.com\/en\/\",\"name\":\"Gruppo Selva\",\"description\":\"Arredamenti su misura e mobili a Lugano e Como\",\"publisher\":{\"@id\":\"https:\/\/www.grupposelva.com\/en\/#organization\"},\"potentialAction\":[{\"@type\":\"SearchAction\",\"target\":{\"@type\":\"EntryPoint\",\"urlTemplate\":\"https:\/\/www.grupposelva.com\/en\/?s={search_term_string}\"},\"query-input\":{\"@type\":\"PropertyValueSpecification\",\"valueRequired\":true,\"valueName\":\"search_term_string\"}}],\"inLanguage\":\"en-US\"},{\"@type\":\"Organization\",\"@id\":\"https:\/\/www.grupposelva.com\/en\/#organization\",\"name\":\"Gruppo Selva\",\"url\":\"https:\/\/www.grupposelva.com\/en\/\",\"logo\":{\"@type\":\"ImageObject\",\"inLanguage\":\"en-US\",\"@id\":\"https:\/\/www.grupposelva.com\/en\/#\/schema\/logo\/image\/\",\"url\":\"https:\/\/www.grupposelva.com\/wp-content\/uploads\/2023\/07\/logo-selva-40.png\",\"contentUrl\":\"https:\/\/www.grupposelva.com\/wp-content\/uploads\/2023\/07\/logo-selva-40.png\",\"width\":743,\"height\":124,\"caption\":\"Gruppo Selva\"},\"image\":{\"@id\":\"https:\/\/www.grupposelva.com\/en\/#\/schema\/logo\/image\/\"},\"sameAs\":[\"https:\/\/www.facebook.com\/SELVAinterior\",\"https:\/\/www.instagram.com\/grupposelva\/\"]}]}<\/script>\n<!-- \/ Yoast SEO plugin. -->","yoast_head_json":{"title":"Lampada Wood | Pentalight - Gruppo Selva","robots":{"index":"index","follow":"follow","max-snippet":"max-snippet:-1","max-image-preview":"max-image-preview:large","max-video-preview":"max-video-preview:-1"},"canonical":"https:\/\/www.grupposelva.com\/en\/prodotto\/showroom-italiano\/illuminazione\/lampade-da-terra\/lampada-wood-penta\/","og_locale":"en_US","og_type":"article","og_title":"Lampada Wood | Pentalight - Gruppo Selva","og_description":"\ud835\ude3f\ud835\ude5a\ud835\ude68\ud835\ude5e\ud835\ude5c\ud835\ude63\ud835\ude5a\ud835\ude67: \ud835\ude49\ud835\ude5e\ud835\ude58\ud835\ude64\ud835\ude61\ud835\ude56 \ud835\ude42\ud835\ude56\ud835\ude61\ud835\ude5e\ud835\ude6f\ud835\ude5e\ud835\ude56 Wood\u00a0di Pentalight \u00e8 una lampada da terra, realizzata in legno e dotata di un paralume quadrato in tessuto. La finitura \u00e8 laccato opaco. Si tratta di un prodotto di fine serie, il prodotto \u00e8 fuori produzione. Colore in foto: Arancione","og_url":"https:\/\/www.grupposelva.com\/en\/prodotto\/showroom-italiano\/illuminazione\/lampade-da-terra\/lampada-wood-penta\/","og_site_name":"Gruppo Selva","article_publisher":"https:\/\/www.facebook.com\/SELVAinterior","article_modified_time":"2025-03-04T08:00:37+00:00","og_image":[{"width":1800,"height":1200,"url":"https:\/\/www.grupposelva.com\/wp-content\/uploads\/2023\/10\/SITO-WEB-Imm-1-3.png","type":"image\/png"}],"twitter_card":"summary_large_image","twitter_misc":{"Est. reading time":"1 minute"},"schema":{"@context":"https:\/\/schema.org","@graph":[{"@type":"WebPage","@id":"https:\/\/www.grupposelva.com\/en\/prodotto\/showroom-italiano\/illuminazione\/lampade-da-terra\/lampada-wood-penta\/","url":"https:\/\/www.grupposelva.com\/en\/prodotto\/showroom-italiano\/illuminazione\/lampade-da-terra\/lampada-wood-penta\/","name":"Lampada Wood | Pentalight - Gruppo Selva","isPartOf":{"@id":"https:\/\/www.grupposelva.com\/en\/#website"},"primaryImageOfPage":{"@id":"https:\/\/www.grupposelva.com\/en\/prodotto\/showroom-italiano\/illuminazione\/lampade-da-terra\/lampada-wood-penta\/#primaryimage"},"image":{"@id":"https:\/\/www.grupposelva.com\/en\/prodotto\/showroom-italiano\/illuminazione\/lampade-da-terra\/lampada-wood-penta\/#primaryimage"},"thumbnailUrl":"https:\/\/www.grupposelva.com\/wp-content\/uploads\/2023\/10\/SITO-WEB-Imm-1-3.png","datePublished":"2023-10-25T08:44:16+00:00","dateModified":"2025-03-04T08:00:37+00:00","breadcrumb":{"@id":"https:\/\/www.grupposelva.com\/en\/prodotto\/showroom-italiano\/illuminazione\/lampade-da-terra\/lampada-wood-penta\/#breadcrumb"},"inLanguage":"en-US","potentialAction":[{"@type":"ReadAction","target":["https:\/\/www.grupposelva.com\/en\/prodotto\/showroom-italiano\/illuminazione\/lampade-da-terra\/lampada-wood-penta\/"]}]},{"@type":"ImageObject","inLanguage":"en-US","@id":"https:\/\/www.grupposelva.com\/en\/prodotto\/showroom-italiano\/illuminazione\/lampade-da-terra\/lampada-wood-penta\/#primaryimage","url":"https:\/\/www.grupposelva.com\/wp-content\/uploads\/2023\/10\/SITO-WEB-Imm-1-3.png","contentUrl":"https:\/\/www.grupposelva.com\/wp-content\/uploads\/2023\/10\/SITO-WEB-Imm-1-3.png","width":1800,"height":1200},{"@type":"BreadcrumbList","@id":"https:\/\/www.grupposelva.com\/en\/prodotto\/showroom-italiano\/illuminazione\/lampade-da-terra\/lampada-wood-penta\/#breadcrumb","itemListElement":[{"@type":"ListItem","position":1,"name":"Home","item":"https:\/\/www.grupposelva.com\/en\/"},{"@type":"ListItem","position":2,"name":"Shop","item":"https:\/\/www.grupposelva.com\/negozio\/"},{"@type":"ListItem","position":3,"name":"Lampada Wood | Pentalight"}]},{"@type":"WebSite","@id":"https:\/\/www.grupposelva.com\/en\/#website","url":"https:\/\/www.grupposelva.com\/en\/","name":"Gruppo Selva","description":"Arredamenti su misura e mobili a Lugano e Como","publisher":{"@id":"https:\/\/www.grupposelva.com\/en\/#organization"},"potentialAction":[{"@type":"SearchAction","target":{"@type":"EntryPoint","urlTemplate":"https:\/\/www.grupposelva.com\/en\/?s={search_term_string}"},"query-input":{"@type":"PropertyValueSpecification","valueRequired":true,"valueName":"search_term_string"}}],"inLanguage":"en-US"},{"@type":"Organization","@id":"https:\/\/www.grupposelva.com\/en\/#organization","name":"Gruppo Selva","url":"https:\/\/www.grupposelva.com\/en\/","logo":{"@type":"ImageObject","inLanguage":"en-US","@id":"https:\/\/www.grupposelva.com\/en\/#\/schema\/logo\/image\/","url":"https:\/\/www.grupposelva.com\/wp-content\/uploads\/2023\/07\/logo-selva-40.png","contentUrl":"https:\/\/www.grupposelva.com\/wp-content\/uploads\/2023\/07\/logo-selva-40.png","width":743,"height":124,"caption":"Gruppo Selva"},"image":{"@id":"https:\/\/www.grupposelva.com\/en\/#\/schema\/logo\/image\/"},"sameAs":["https:\/\/www.facebook.com\/SELVAinterior","https:\/\/www.instagram.com\/grupposelva\/"]}]}},"_links":{"self":[{"href":"https:\/\/www.grupposelva.com\/en\/wp-json\/wp\/v2\/product\/1140","targetHints":{"allow":["GET"]}}],"collection":[{"href":"https:\/\/www.grupposelva.com\/en\/wp-json\/wp\/v2\/product"}],"about":[{"href":"https:\/\/www.grupposelva.com\/en\/wp-json\/wp\/v2\/types\/product"}],"replies":[{"embeddable":true,"href":"https:\/\/www.grupposelva.com\/en\/wp-json\/wp\/v2\/comments?post=1140"}],"wp:featuredmedia":[{"embeddable":true,"href":"https:\/\/www.grupposelva.com\/en\/wp-json\/wp\/v2\/media\/1141"}],"wp:attachment":[{"href":"https:\/\/www.grupposelva.com\/en\/wp-json\/wp\/v2\/media?parent=1140"}],"wp:term":[{"taxonomy":"product_brand","embeddable":true,"href":"https:\/\/www.grupposelva.com\/en\/wp-json\/wp\/v2\/product_brand?post=1140"},{"taxonomy":"product_cat","embeddable":true,"href":"https:\/\/www.grupposelva.com\/en\/wp-json\/wp\/v2\/product_cat?post=1140"},{"taxonomy":"product_tag","embeddable":true,"href":"https:\/\/www.grupposelva.com\/en\/wp-json\/wp\/v2\/product_tag?post=1140"}],"curies":[{"name":"wp","href":"https:\/\/api.w.org\/{rel}","templated":true}]}}