{"id":8088,"date":"2025-03-04T09:09:12","date_gmt":"2025-03-04T09:09:12","guid":{"rendered":"https:\/\/www.grupposelva.com\/?post_type=product&#038;p=8088"},"modified":"2025-03-04T09:09:13","modified_gmt":"2025-03-04T09:09:13","slug":"madia-logos-moltenic","status":"publish","type":"product","link":"https:\/\/www.grupposelva.com\/de\/prodotto\/showroom-svizzero\/zona-giorno-ch\/madie-ch\/madia-logos-moltenic\/","title":{"rendered":"Madia Logos | Molteni&amp;C"},"content":{"rendered":"<p>\ud835\ude3f\ud835\ude5a\ud835\ude68\ud835\ude5e\ud835\ude5c\ud835\ude63\ud835\ude5a\ud835\ude67: \ud835\ude51\ud835\ude5e\ud835\ude63\ud835\ude58\ud835\ude5a\ud835\ude63\ud835\ude69 \ud835\ude51\ud835\ude56\ud835\ude63 \ud835\ude3f\ud835\ude6a\ud835\ude6e\ud835\ude68\ud835\ude5a\ud835\ude63<\/p>\n<p><strong>Logos<\/strong> di Molteni&amp;C \u00e8 un sistema che permette infinite opzioni di configurazione per rispondere a preferenze personali e necessit\u00e0 pratiche. Grazie alla sua versatilit\u00e0 e possibilit\u00e0 di personalizzazione, sia nella struttura che nelle finiture, si integra in qualsiasi contesto. I suoi raffinati elementi divisori verticali aggiungono eleganza e funzionalit\u00e0.<\/p>\n<p>*Configurazione come in Foto 1 disponibile nel nostro Showroom<\/p>\n<p><em>Colore in foto: facciata color Cappuccino, schienali in Rovere Caff\u00e8, spalle e basamento laccato Peltro, ripiani in Vetro trasparente e top in marmo Breccia Capraia<\/em><\/p>\n","protected":false},"excerpt":{"rendered":"<p>\ud835\ude3f\ud835\ude5a\ud835\ude68\ud835\ude5e\ud835\ude5c\ud835\ude63\ud835\ude5a\ud835\ude67: \ud835\ude51\ud835\ude5e\ud835\ude63\ud835\ude58\ud835\ude5a\ud835\ude63\ud835\ude69 \ud835\ude51\ud835\ude56\ud835\ude63 \ud835\ude3f\ud835\ude6a\ud835\ude6e\ud835\ude68\ud835\ude5a\ud835\ude63 Logos di Molteni&amp;C \u00e8 un sistema che permette infinite opzioni di configurazione per rispondere a preferenze personali e necessit\u00e0 pratiche. Grazie alla sua versatilit\u00e0 e possibilit\u00e0 di personalizzazione, sia nella struttura che nelle finiture, si integra in qualsiasi contesto. I suoi raffinati elementi divisori verticali aggiungono eleganza e funzionalit\u00e0. *Configurazione come [&hellip;]<\/p>\n","protected":false},"featured_media":8089,"comment_status":"open","ping_status":"closed","template":"","meta":{"_acf_changed":false},"product_brand":[],"product_cat":[92,146,35,89],"product_tag":[87,139],"class_list":{"0":"post-8088","1":"product","2":"type-product","3":"status-publish","4":"has-post-thumbnail","6":"product_cat-madie-ch","7":"product_cat-pareti-living-ch","8":"product_cat-showroom-svizzero","9":"product_cat-zona-giorno-ch","10":"product_tag-lugano-riva-caccia","11":"product_tag-new","13":"first","14":"instock","15":"shipping-taxable","16":"purchasable","17":"product-type-simple"},"acf":[],"yoast_head":"<!-- This site is optimized with the Yoast SEO plugin v26.8 - https:\/\/yoast.com\/product\/yoast-seo-wordpress\/ -->\n<title>Madia Logos | Molteni&amp;C - Gruppo Selva<\/title>\n<meta name=\"robots\" content=\"index, follow, max-snippet:-1, max-image-preview:large, max-video-preview:-1\" \/>\n<link rel=\"canonical\" href=\"https:\/\/www.grupposelva.com\/de\/prodotto\/showroom-svizzero\/zona-giorno-ch\/madie-ch\/madia-logos-moltenic\/\" \/>\n<meta property=\"og:locale\" content=\"de_DE\" \/>\n<meta property=\"og:type\" content=\"article\" \/>\n<meta property=\"og:title\" content=\"Madia Logos | Molteni&amp;C - Gruppo Selva\" \/>\n<meta property=\"og:description\" content=\"\ud835\ude3f\ud835\ude5a\ud835\ude68\ud835\ude5e\ud835\ude5c\ud835\ude63\ud835\ude5a\ud835\ude67: \ud835\ude51\ud835\ude5e\ud835\ude63\ud835\ude58\ud835\ude5a\ud835\ude63\ud835\ude69 \ud835\ude51\ud835\ude56\ud835\ude63 \ud835\ude3f\ud835\ude6a\ud835\ude6e\ud835\ude68\ud835\ude5a\ud835\ude63 Logos di Molteni&amp;C \u00e8 un sistema che permette infinite opzioni di configurazione per rispondere a preferenze personali e necessit\u00e0 pratiche. Grazie alla sua versatilit\u00e0 e possibilit\u00e0 di personalizzazione, sia nella struttura che nelle finiture, si integra in qualsiasi contesto. I suoi raffinati elementi divisori verticali aggiungono eleganza e funzionalit\u00e0. *Configurazione come [&hellip;]\" \/>\n<meta property=\"og:url\" content=\"https:\/\/www.grupposelva.com\/de\/prodotto\/showroom-svizzero\/zona-giorno-ch\/madie-ch\/madia-logos-moltenic\/\" \/>\n<meta property=\"og:site_name\" content=\"Gruppo Selva\" \/>\n<meta property=\"article:publisher\" content=\"https:\/\/www.facebook.com\/SELVAinterior\" \/>\n<meta property=\"article:modified_time\" content=\"2025-03-04T09:09:13+00:00\" \/>\n<meta property=\"og:image\" content=\"https:\/\/www.grupposelva.com\/wp-content\/uploads\/2025\/03\/Madia-Logos-MolteniC-1.jpg\" \/>\n\t<meta property=\"og:image:width\" content=\"1800\" \/>\n\t<meta property=\"og:image:height\" content=\"1200\" \/>\n\t<meta property=\"og:image:type\" content=\"image\/jpeg\" \/>\n<meta name=\"twitter:card\" content=\"summary_large_image\" \/>\n<meta name=\"twitter:label1\" content=\"Gesch\u00e4tzte Lesezeit\" \/>\n\t<meta name=\"twitter:data1\" content=\"1\u00a0Minute\" \/>\n<script type=\"application\/ld+json\" class=\"yoast-schema-graph\">{\"@context\":\"https:\/\/schema.org\",\"@graph\":[{\"@type\":\"WebPage\",\"@id\":\"https:\/\/www.grupposelva.com\/de\/prodotto\/showroom-svizzero\/zona-giorno-ch\/madie-ch\/madia-logos-moltenic\/\",\"url\":\"https:\/\/www.grupposelva.com\/de\/prodotto\/showroom-svizzero\/zona-giorno-ch\/madie-ch\/madia-logos-moltenic\/\",\"name\":\"Madia Logos | Molteni&amp;C - Gruppo Selva\",\"isPartOf\":{\"@id\":\"https:\/\/www.grupposelva.com\/de\/#website\"},\"primaryImageOfPage\":{\"@id\":\"https:\/\/www.grupposelva.com\/de\/prodotto\/showroom-svizzero\/zona-giorno-ch\/madie-ch\/madia-logos-moltenic\/#primaryimage\"},\"image\":{\"@id\":\"https:\/\/www.grupposelva.com\/de\/prodotto\/showroom-svizzero\/zona-giorno-ch\/madie-ch\/madia-logos-moltenic\/#primaryimage\"},\"thumbnailUrl\":\"https:\/\/www.grupposelva.com\/wp-content\/uploads\/2025\/03\/Madia-Logos-MolteniC-1.jpg\",\"datePublished\":\"2025-03-04T09:09:12+00:00\",\"dateModified\":\"2025-03-04T09:09:13+00:00\",\"breadcrumb\":{\"@id\":\"https:\/\/www.grupposelva.com\/de\/prodotto\/showroom-svizzero\/zona-giorno-ch\/madie-ch\/madia-logos-moltenic\/#breadcrumb\"},\"inLanguage\":\"de\",\"potentialAction\":[{\"@type\":\"ReadAction\",\"target\":[\"https:\/\/www.grupposelva.com\/de\/prodotto\/showroom-svizzero\/zona-giorno-ch\/madie-ch\/madia-logos-moltenic\/\"]}]},{\"@type\":\"ImageObject\",\"inLanguage\":\"de\",\"@id\":\"https:\/\/www.grupposelva.com\/de\/prodotto\/showroom-svizzero\/zona-giorno-ch\/madie-ch\/madia-logos-moltenic\/#primaryimage\",\"url\":\"https:\/\/www.grupposelva.com\/wp-content\/uploads\/2025\/03\/Madia-Logos-MolteniC-1.jpg\",\"contentUrl\":\"https:\/\/www.grupposelva.com\/wp-content\/uploads\/2025\/03\/Madia-Logos-MolteniC-1.jpg\",\"width\":1800,\"height\":1200},{\"@type\":\"BreadcrumbList\",\"@id\":\"https:\/\/www.grupposelva.com\/de\/prodotto\/showroom-svizzero\/zona-giorno-ch\/madie-ch\/madia-logos-moltenic\/#breadcrumb\",\"itemListElement\":[{\"@type\":\"ListItem\",\"position\":1,\"name\":\"Home\",\"item\":\"https:\/\/www.grupposelva.com\/de\/\"},{\"@type\":\"ListItem\",\"position\":2,\"name\":\"Shop\",\"item\":\"https:\/\/www.grupposelva.com\/negozio\/\"},{\"@type\":\"ListItem\",\"position\":3,\"name\":\"Madia Logos | Molteni&amp;C\"}]},{\"@type\":\"WebSite\",\"@id\":\"https:\/\/www.grupposelva.com\/de\/#website\",\"url\":\"https:\/\/www.grupposelva.com\/de\/\",\"name\":\"Gruppo Selva\",\"description\":\"Arredamenti su misura e mobili a Lugano e Como\",\"publisher\":{\"@id\":\"https:\/\/www.grupposelva.com\/de\/#organization\"},\"potentialAction\":[{\"@type\":\"SearchAction\",\"target\":{\"@type\":\"EntryPoint\",\"urlTemplate\":\"https:\/\/www.grupposelva.com\/de\/?s={search_term_string}\"},\"query-input\":{\"@type\":\"PropertyValueSpecification\",\"valueRequired\":true,\"valueName\":\"search_term_string\"}}],\"inLanguage\":\"de\"},{\"@type\":\"Organization\",\"@id\":\"https:\/\/www.grupposelva.com\/de\/#organization\",\"name\":\"Gruppo Selva\",\"url\":\"https:\/\/www.grupposelva.com\/de\/\",\"logo\":{\"@type\":\"ImageObject\",\"inLanguage\":\"de\",\"@id\":\"https:\/\/www.grupposelva.com\/de\/#\/schema\/logo\/image\/\",\"url\":\"https:\/\/www.grupposelva.com\/wp-content\/uploads\/2023\/07\/logo-selva-40.png\",\"contentUrl\":\"https:\/\/www.grupposelva.com\/wp-content\/uploads\/2023\/07\/logo-selva-40.png\",\"width\":743,\"height\":124,\"caption\":\"Gruppo Selva\"},\"image\":{\"@id\":\"https:\/\/www.grupposelva.com\/de\/#\/schema\/logo\/image\/\"},\"sameAs\":[\"https:\/\/www.facebook.com\/SELVAinterior\",\"https:\/\/www.instagram.com\/grupposelva\/\"]}]}<\/script>\n<!-- \/ Yoast SEO plugin. -->","yoast_head_json":{"title":"Madia Logos | Molteni&amp;C - Gruppo Selva","robots":{"index":"index","follow":"follow","max-snippet":"max-snippet:-1","max-image-preview":"max-image-preview:large","max-video-preview":"max-video-preview:-1"},"canonical":"https:\/\/www.grupposelva.com\/de\/prodotto\/showroom-svizzero\/zona-giorno-ch\/madie-ch\/madia-logos-moltenic\/","og_locale":"de_DE","og_type":"article","og_title":"Madia Logos | Molteni&amp;C - Gruppo Selva","og_description":"\ud835\ude3f\ud835\ude5a\ud835\ude68\ud835\ude5e\ud835\ude5c\ud835\ude63\ud835\ude5a\ud835\ude67: \ud835\ude51\ud835\ude5e\ud835\ude63\ud835\ude58\ud835\ude5a\ud835\ude63\ud835\ude69 \ud835\ude51\ud835\ude56\ud835\ude63 \ud835\ude3f\ud835\ude6a\ud835\ude6e\ud835\ude68\ud835\ude5a\ud835\ude63 Logos di Molteni&amp;C \u00e8 un sistema che permette infinite opzioni di configurazione per rispondere a preferenze personali e necessit\u00e0 pratiche. Grazie alla sua versatilit\u00e0 e possibilit\u00e0 di personalizzazione, sia nella struttura che nelle finiture, si integra in qualsiasi contesto. I suoi raffinati elementi divisori verticali aggiungono eleganza e funzionalit\u00e0. *Configurazione come [&hellip;]","og_url":"https:\/\/www.grupposelva.com\/de\/prodotto\/showroom-svizzero\/zona-giorno-ch\/madie-ch\/madia-logos-moltenic\/","og_site_name":"Gruppo Selva","article_publisher":"https:\/\/www.facebook.com\/SELVAinterior","article_modified_time":"2025-03-04T09:09:13+00:00","og_image":[{"width":1800,"height":1200,"url":"https:\/\/www.grupposelva.com\/wp-content\/uploads\/2025\/03\/Madia-Logos-MolteniC-1.jpg","type":"image\/jpeg"}],"twitter_card":"summary_large_image","twitter_misc":{"Gesch\u00e4tzte Lesezeit":"1\u00a0Minute"},"schema":{"@context":"https:\/\/schema.org","@graph":[{"@type":"WebPage","@id":"https:\/\/www.grupposelva.com\/de\/prodotto\/showroom-svizzero\/zona-giorno-ch\/madie-ch\/madia-logos-moltenic\/","url":"https:\/\/www.grupposelva.com\/de\/prodotto\/showroom-svizzero\/zona-giorno-ch\/madie-ch\/madia-logos-moltenic\/","name":"Madia Logos | Molteni&amp;C - Gruppo Selva","isPartOf":{"@id":"https:\/\/www.grupposelva.com\/de\/#website"},"primaryImageOfPage":{"@id":"https:\/\/www.grupposelva.com\/de\/prodotto\/showroom-svizzero\/zona-giorno-ch\/madie-ch\/madia-logos-moltenic\/#primaryimage"},"image":{"@id":"https:\/\/www.grupposelva.com\/de\/prodotto\/showroom-svizzero\/zona-giorno-ch\/madie-ch\/madia-logos-moltenic\/#primaryimage"},"thumbnailUrl":"https:\/\/www.grupposelva.com\/wp-content\/uploads\/2025\/03\/Madia-Logos-MolteniC-1.jpg","datePublished":"2025-03-04T09:09:12+00:00","dateModified":"2025-03-04T09:09:13+00:00","breadcrumb":{"@id":"https:\/\/www.grupposelva.com\/de\/prodotto\/showroom-svizzero\/zona-giorno-ch\/madie-ch\/madia-logos-moltenic\/#breadcrumb"},"inLanguage":"de","potentialAction":[{"@type":"ReadAction","target":["https:\/\/www.grupposelva.com\/de\/prodotto\/showroom-svizzero\/zona-giorno-ch\/madie-ch\/madia-logos-moltenic\/"]}]},{"@type":"ImageObject","inLanguage":"de","@id":"https:\/\/www.grupposelva.com\/de\/prodotto\/showroom-svizzero\/zona-giorno-ch\/madie-ch\/madia-logos-moltenic\/#primaryimage","url":"https:\/\/www.grupposelva.com\/wp-content\/uploads\/2025\/03\/Madia-Logos-MolteniC-1.jpg","contentUrl":"https:\/\/www.grupposelva.com\/wp-content\/uploads\/2025\/03\/Madia-Logos-MolteniC-1.jpg","width":1800,"height":1200},{"@type":"BreadcrumbList","@id":"https:\/\/www.grupposelva.com\/de\/prodotto\/showroom-svizzero\/zona-giorno-ch\/madie-ch\/madia-logos-moltenic\/#breadcrumb","itemListElement":[{"@type":"ListItem","position":1,"name":"Home","item":"https:\/\/www.grupposelva.com\/de\/"},{"@type":"ListItem","position":2,"name":"Shop","item":"https:\/\/www.grupposelva.com\/negozio\/"},{"@type":"ListItem","position":3,"name":"Madia Logos | Molteni&amp;C"}]},{"@type":"WebSite","@id":"https:\/\/www.grupposelva.com\/de\/#website","url":"https:\/\/www.grupposelva.com\/de\/","name":"Gruppo Selva","description":"Arredamenti su misura e mobili a Lugano e Como","publisher":{"@id":"https:\/\/www.grupposelva.com\/de\/#organization"},"potentialAction":[{"@type":"SearchAction","target":{"@type":"EntryPoint","urlTemplate":"https:\/\/www.grupposelva.com\/de\/?s={search_term_string}"},"query-input":{"@type":"PropertyValueSpecification","valueRequired":true,"valueName":"search_term_string"}}],"inLanguage":"de"},{"@type":"Organization","@id":"https:\/\/www.grupposelva.com\/de\/#organization","name":"Gruppo Selva","url":"https:\/\/www.grupposelva.com\/de\/","logo":{"@type":"ImageObject","inLanguage":"de","@id":"https:\/\/www.grupposelva.com\/de\/#\/schema\/logo\/image\/","url":"https:\/\/www.grupposelva.com\/wp-content\/uploads\/2023\/07\/logo-selva-40.png","contentUrl":"https:\/\/www.grupposelva.com\/wp-content\/uploads\/2023\/07\/logo-selva-40.png","width":743,"height":124,"caption":"Gruppo Selva"},"image":{"@id":"https:\/\/www.grupposelva.com\/de\/#\/schema\/logo\/image\/"},"sameAs":["https:\/\/www.facebook.com\/SELVAinterior","https:\/\/www.instagram.com\/grupposelva\/"]}]}},"_links":{"self":[{"href":"https:\/\/www.grupposelva.com\/de\/wp-json\/wp\/v2\/product\/8088","targetHints":{"allow":["GET"]}}],"collection":[{"href":"https:\/\/www.grupposelva.com\/de\/wp-json\/wp\/v2\/product"}],"about":[{"href":"https:\/\/www.grupposelva.com\/de\/wp-json\/wp\/v2\/types\/product"}],"replies":[{"embeddable":true,"href":"https:\/\/www.grupposelva.com\/de\/wp-json\/wp\/v2\/comments?post=8088"}],"wp:featuredmedia":[{"embeddable":true,"href":"https:\/\/www.grupposelva.com\/de\/wp-json\/wp\/v2\/media\/8089"}],"wp:attachment":[{"href":"https:\/\/www.grupposelva.com\/de\/wp-json\/wp\/v2\/media?parent=8088"}],"wp:term":[{"taxonomy":"product_brand","embeddable":true,"href":"https:\/\/www.grupposelva.com\/de\/wp-json\/wp\/v2\/product_brand?post=8088"},{"taxonomy":"product_cat","embeddable":true,"href":"https:\/\/www.grupposelva.com\/de\/wp-json\/wp\/v2\/product_cat?post=8088"},{"taxonomy":"product_tag","embeddable":true,"href":"https:\/\/www.grupposelva.com\/de\/wp-json\/wp\/v2\/product_tag?post=8088"}],"curies":[{"name":"wp","href":"https:\/\/api.w.org\/{rel}","templated":true}]}}